{"id":1156,"date":"2023-02-12T15:04:19","date_gmt":"2023-02-12T15:04:19","guid":{"rendered":"http:\/\/eloisebrodeur.com\/?page_id=1156"},"modified":"2023-02-12T15:20:36","modified_gmt":"2023-02-12T15:20:36","slug":"giclees","status":"publish","type":"page","link":"http:\/\/eloisebrodeur.com\/fr\/giclees\/","title":{"rendered":"Gicl\u00e9es"},"content":{"rendered":"<div id=\"pl-1156\"  class=\"panel-layout\" ><div id=\"pg-1156-0\"  class=\"panel-grid panel-no-style\" ><div id=\"pgc-1156-0-0\"  class=\"panel-grid-cell\" ><div id=\"panel-1156-0-0-0\" class=\"so-panel widget widget_siteorigin-panels-builder panel-first-child panel-last-child\" data-index=\"0\" ><div id=\"pl-w63e90230b63a6\"  class=\"panel-layout\" ><div id=\"pg-w63e90230b63a6-0\"  class=\"panel-grid panel-no-style\" ><div id=\"pgc-w63e90230b63a6-0-0\"  class=\"panel-grid-cell\" ><div id=\"panel-w63e90230b63a6-0-0-0\" class=\"so-panel widget widget_media_image panel-first-child panel-last-child\" data-index=\"0\" ><img loading=\"lazy\" decoding=\"async\" width=\"2560\" height=\"1599\" src=\"http:\/\/eloisebrodeur.com\/s7QBf5mp\/wp-content\/uploads\/2023\/02\/IMG_3328-scaled.jpg\" class=\"image wp-image-1144  attachment-full size-full\" alt=\"\" style=\"max-width: 100%; height: auto;\" srcset=\"http:\/\/eloisebrodeur.com\/s7QBf5mp\/wp-content\/uploads\/2023\/02\/IMG_3328-scaled.jpg 2560w, http:\/\/eloisebrodeur.com\/s7QBf5mp\/wp-content\/uploads\/2023\/02\/IMG_3328-300x187.jpg 300w, http:\/\/eloisebrodeur.com\/s7QBf5mp\/wp-content\/uploads\/2023\/02\/IMG_3328-1024x640.jpg 1024w, http:\/\/eloisebrodeur.com\/s7QBf5mp\/wp-content\/uploads\/2023\/02\/IMG_3328-768x480.jpg 768w, http:\/\/eloisebrodeur.com\/s7QBf5mp\/wp-content\/uploads\/2023\/02\/IMG_3328-1536x960.jpg 1536w, http:\/\/eloisebrodeur.com\/s7QBf5mp\/wp-content\/uploads\/2023\/02\/IMG_3328-2048x1279.jpg 2048w\" sizes=\"auto, (max-width: 2560px) 100vw, 2560px\" \/><\/div><\/div><\/div><\/div><\/div><\/div><\/div><div id=\"pg-1156-1\"  class=\"panel-grid panel-has-style\" ><div class=\"siteorigin-panels-stretch panel-row-style panel-row-style-for-1156-1\" style=\"padding-top: 60px; \" data-stretch-type=\"full\" ><div id=\"pgc-1156-1-0\"  class=\"panel-grid-cell\" ><div id=\"panel-1156-1-0-0\" class=\"so-panel widget widget_siteorigin-panels-builder panel-first-child panel-last-child\" data-index=\"1\" ><div class=\"panel-widget-style panel-widget-style-for-1156-1-0-0\" ><div id=\"pl-w63e903c47056d\"  class=\"panel-layout\" ><div id=\"pg-w63e903c47056d-0\"  class=\"panel-grid panel-no-style\" ><div id=\"pgc-w63e903c47056d-0-0\"  class=\"panel-grid-cell\" ><div id=\"panel-w63e903c47056d-0-0-0\" class=\"so-panel widget widget_media_image panel-first-child panel-last-child\" data-index=\"0\" ><a href=\"https:\/\/glasshouse-gallery.com\/fr\/collections\/eloise-brodeur\"><img loading=\"lazy\" decoding=\"async\" width=\"2838\" height=\"1464\" src=\"http:\/\/eloisebrodeur.com\/s7QBf5mp\/wp-content\/uploads\/2023\/02\/Glasshouse_Gallery_V3.png\" class=\"image wp-image-1140  attachment-full size-full\" alt=\"\" style=\"max-width: 100%; height: auto;\" srcset=\"http:\/\/eloisebrodeur.com\/s7QBf5mp\/wp-content\/uploads\/2023\/02\/Glasshouse_Gallery_V3.png 2838w, http:\/\/eloisebrodeur.com\/s7QBf5mp\/wp-content\/uploads\/2023\/02\/Glasshouse_Gallery_V3-300x155.png 300w, http:\/\/eloisebrodeur.com\/s7QBf5mp\/wp-content\/uploads\/2023\/02\/Glasshouse_Gallery_V3-1024x528.png 1024w, http:\/\/eloisebrodeur.com\/s7QBf5mp\/wp-content\/uploads\/2023\/02\/Glasshouse_Gallery_V3-768x396.png 768w, http:\/\/eloisebrodeur.com\/s7QBf5mp\/wp-content\/uploads\/2023\/02\/Glasshouse_Gallery_V3-1536x792.png 1536w, http:\/\/eloisebrodeur.com\/s7QBf5mp\/wp-content\/uploads\/2023\/02\/Glasshouse_Gallery_V3-2048x1056.png 2048w\" sizes=\"auto, (max-width: 2838px) 100vw, 2838px\" \/><\/a><\/div><\/div><\/div><\/div><\/div><\/div><\/div><div id=\"pgc-1156-1-1\"  class=\"panel-grid-cell\" ><div id=\"panel-1156-1-1-0\" class=\"so-panel widget widget_text panel-first-child\" data-index=\"2\" ><h3 class=\"widget-title\">\u00c9ditions limit\u00e9es jet d&rsquo;encre d\u2019archive mont\u00e9es sous acrylique<\/h3>\t\t\t<div class=\"textwidget\"><p>Des impressions en \u00e9ditions limit\u00e9es de certaines oeuvres de Brodeur sont disponibles et expos\u00e9es \u00e0 la Galerie Glasshouse.<\/p>\n<p>Chaque oeuvre est num\u00e9rot\u00e9e et authentifi\u00e9e par l\u2019artiste.<\/p>\n<p>Pour l\u2019ensemble du r\u00e9pertoire, rendez-vous sur le site de la galerie.<\/p>\n<p>&nbsp;<\/p>\n<\/div>\n\t\t<\/div><div id=\"panel-1156-1-1-1\" class=\"so-panel widget widget_sow-button panel-last-child\" data-index=\"3\" ><div\n\t\t\t\n\t\t\tclass=\"so-widget-sow-button so-widget-sow-button-flat-0c2da6e40122-1156\"\n\t\t\t\n\t\t><div class=\"ow-button-base ow-button-align-center\"\n>\n\t\t\t<a\n\t\t\t\t\thref=\"https:\/\/glasshouse-gallery.com\/fr\/collections\/eloise-brodeur\"\n\t\t\t\t\tclass=\"sowb-button ow-icon-placement-left ow-button-hover\" target=\"_blank\" rel=\"noopener noreferrer\" \t>\n\t\t<span>\n\t\t\t\n\t\t\tVisiter la Galerie Glasshouse\t\t<\/span>\n\t\t\t<\/a>\n\t<\/div>\n<\/div><\/div><\/div><\/div><\/div><\/div>","protected":false},"excerpt":{"rendered":"<p>Des impressions en \u00e9ditions limit\u00e9es de certaines oeuvres de Brodeur sont disponibles et expos\u00e9es \u00e0 la Galerie Glasshouse. Chaque oeuvre est num\u00e9rot\u00e9e et authentifi\u00e9e par l\u2019artiste. Pour l\u2019ensemble du r\u00e9pertoire, rendez-vous sur le site de la galerie. &nbsp;<\/p>\n","protected":false},"author":3,"featured_media":0,"parent":0,"menu_order":30,"comment_status":"closed","ping_status":"open","template":"page.php","meta":{"footnotes":""},"class_list":["post-1156","page","type-page","status-publish","hentry"],"_links":{"self":[{"href":"http:\/\/eloisebrodeur.com\/fr\/wp-json\/wp\/v2\/pages\/1156","targetHints":{"allow":["GET"]}}],"collection":[{"href":"http:\/\/eloisebrodeur.com\/fr\/wp-json\/wp\/v2\/pages"}],"about":[{"href":"http:\/\/eloisebrodeur.com\/fr\/wp-json\/wp\/v2\/types\/page"}],"author":[{"embeddable":true,"href":"http:\/\/eloisebrodeur.com\/fr\/wp-json\/wp\/v2\/users\/3"}],"replies":[{"embeddable":true,"href":"http:\/\/eloisebrodeur.com\/fr\/wp-json\/wp\/v2\/comments?post=1156"}],"version-history":[{"count":29,"href":"http:\/\/eloisebrodeur.com\/fr\/wp-json\/wp\/v2\/pages\/1156\/revisions"}],"predecessor-version":[{"id":1188,"href":"http:\/\/eloisebrodeur.com\/fr\/wp-json\/wp\/v2\/pages\/1156\/revisions\/1188"}],"wp:attachment":[{"href":"http:\/\/eloisebrodeur.com\/fr\/wp-json\/wp\/v2\/media?parent=1156"}],"curies":[{"name":"wp","href":"https:\/\/api.w.org\/{rel}","templated":true}]}}