{"id":12,"date":"2017-06-22T10:11:55","date_gmt":"2017-06-22T14:11:55","guid":{"rendered":"http:\/\/eloisebrodeur.com\/s7QBf5mp\/?page_id=12\/"},"modified":"2023-01-31T14:06:53","modified_gmt":"2023-01-31T19:06:53","slug":"coordonnees","status":"publish","type":"page","link":"http:\/\/eloisebrodeur.com\/fr\/coordonnees\/","title":{"rendered":"Coordonn\u00e9es"},"content":{"rendered":"<div id=\"pl-12\"  class=\"panel-layout\" ><div id=\"pg-12-0\"  class=\"panel-grid panel-has-style\" ><div class=\"siteorigin-panels-stretch panel-row-style panel-row-style-for-12-0\" style=\"padding-top: 60px; \" data-stretch-type=\"full\" ><div id=\"pgc-12-0-0\"  class=\"panel-grid-cell\" ><div id=\"panel-12-0-0-0\" class=\"so-panel widget widget_siteorigin-panels-builder panel-first-child panel-last-child\" data-index=\"0\" ><div id=\"pl-w60b57f3656625\"  class=\"panel-layout\" ><div id=\"pg-w60b57f3656625-0\"  class=\"panel-grid panel-no-style\" ><div id=\"pgc-w60b57f3656625-0-0\"  class=\"panel-grid-cell\" ><div id=\"panel-w60b57f3656625-0-0-0\" class=\"so-panel widget widget_media_image panel-first-child panel-last-child\" data-index=\"0\" ><img loading=\"lazy\" decoding=\"async\" width=\"1800\" height=\"1346\" src=\"http:\/\/eloisebrodeur.com\/s7QBf5mp\/wp-content\/uploads\/2020\/08\/contact.jpg\" class=\"image wp-image-753  attachment-full size-full\" alt=\"Studio\" style=\"max-width: 100%; height: auto;\" srcset=\"http:\/\/eloisebrodeur.com\/s7QBf5mp\/wp-content\/uploads\/2020\/08\/contact.jpg 1800w, http:\/\/eloisebrodeur.com\/s7QBf5mp\/wp-content\/uploads\/2020\/08\/contact-300x224.jpg 300w, http:\/\/eloisebrodeur.com\/s7QBf5mp\/wp-content\/uploads\/2020\/08\/contact-768x574.jpg 768w, http:\/\/eloisebrodeur.com\/s7QBf5mp\/wp-content\/uploads\/2020\/08\/contact-1024x766.jpg 1024w\" sizes=\"auto, (max-width: 1800px) 100vw, 1800px\" \/><\/div><\/div><\/div><\/div><\/div><\/div><div id=\"pgc-12-0-1\"  class=\"panel-grid-cell\" ><div id=\"panel-12-0-1-0\" class=\"so-panel widget widget_text panel-first-child panel-last-child\" data-index=\"1\" >\t\t\t<div class=\"textwidget\"><p>\u00c9lo\u00efse Brodeur est exclusivement repr\u00e9sent\u00e9e par\u00a0:<\/p>\n<p><a href=\"https:\/\/glasshouse-gallery.com\/fr\" target=\"_blank\" rel=\"noopener\">La Galerie Glasshouse<\/a><\/p>\n<p><a href=\"mailto:info@glasshouse-gallery.com\" target=\"_blank\" rel=\"noopener\">info@glasshouse-gallery.com<\/a><\/p>\n<p><a href=\"tel:+15145110115\">+1 514 515-0115<\/a><\/p>\n<\/div>\n\t\t<\/div><\/div><\/div><\/div><div id=\"pg-12-1\"  class=\"panel-grid panel-has-style\" ><div class=\"siteorigin-panels-stretch panel-row-style panel-row-style-for-12-1\" style=\"padding-top: 60px; \" data-stretch-type=\"full\" ><div id=\"pgc-12-1-0\"  class=\"panel-grid-cell panel-grid-cell-empty\" ><\/div><\/div><\/div><\/div>","protected":false},"excerpt":{"rendered":"<p>\u00c9lo\u00efse Brodeur est exclusivement repr\u00e9sent\u00e9e par\u00a0: La Galerie Glasshouse info@glasshouse-gallery.com +1 514 515-0115<\/p>\n","protected":false},"author":1,"featured_media":0,"parent":0,"menu_order":40,"comment_status":"closed","ping_status":"closed","template":"page.php","meta":{"footnotes":""},"class_list":["post-12","page","type-page","status-publish","hentry"],"_links":{"self":[{"href":"http:\/\/eloisebrodeur.com\/fr\/wp-json\/wp\/v2\/pages\/12","targetHints":{"allow":["GET"]}}],"collection":[{"href":"http:\/\/eloisebrodeur.com\/fr\/wp-json\/wp\/v2\/pages"}],"about":[{"href":"http:\/\/eloisebrodeur.com\/fr\/wp-json\/wp\/v2\/types\/page"}],"author":[{"embeddable":true,"href":"http:\/\/eloisebrodeur.com\/fr\/wp-json\/wp\/v2\/users\/1"}],"replies":[{"embeddable":true,"href":"http:\/\/eloisebrodeur.com\/fr\/wp-json\/wp\/v2\/comments?post=12"}],"version-history":[{"count":13,"href":"http:\/\/eloisebrodeur.com\/fr\/wp-json\/wp\/v2\/pages\/12\/revisions"}],"predecessor-version":[{"id":1125,"href":"http:\/\/eloisebrodeur.com\/fr\/wp-json\/wp\/v2\/pages\/12\/revisions\/1125"}],"wp:attachment":[{"href":"http:\/\/eloisebrodeur.com\/fr\/wp-json\/wp\/v2\/media?parent=12"}],"curies":[{"name":"wp","href":"https:\/\/api.w.org\/{rel}","templated":true}]}}