{"id":2,"date":"2017-06-22T14:18:45","date_gmt":"2017-06-22T13:18:45","guid":{"rendered":"http:\/\/eloisebrodeur.com\/s7QBf5mp\/?page_id=2"},"modified":"2023-01-31T14:23:12","modified_gmt":"2023-01-31T19:23:12","slug":"a-propos","status":"publish","type":"page","link":"http:\/\/eloisebrodeur.com\/fr\/a-propos\/","title":{"rendered":"\u00c0 propos"},"content":{"rendered":"<div id=\"pl-2\"  class=\"panel-layout\" ><div id=\"pg-2-0\"  class=\"panel-grid panel-has-style\" ><div class=\"siteorigin-panels-stretch panel-row-style panel-row-style-for-2-0\" style=\"padding-top: 60px; padding-bottom: 60px; \" data-stretch-type=\"full\" ><div id=\"pgc-2-0-0\"  class=\"panel-grid-cell\" ><div id=\"panel-2-0-0-0\" class=\"so-panel widget widget_sow-editor panel-first-child panel-last-child\" data-index=\"0\" ><div\n\t\t\t\n\t\t\tclass=\"so-widget-sow-editor so-widget-sow-editor-base\"\n\t\t\t\n\t\t>\n<div class=\"siteorigin-widget-tinymce textwidget\">\n\t<p>\u00c0 travers la r\u00e9p\u00e9tition de la repr\u00e9sentation de la vache, Elo\u00efse Brodeur suscite le questionnement, le d\u00e9bat. Outre la fra\u00eecheur de l\u2019\u00e9tude, la justesse des proportions ou encore le rendu, c\u2019est plut\u00f4t la persistance \u00e0 reproduire l\u2019animal qui nous interpelle. Ces bovins sont immobiles, satisfaits et ruminants, mais au-del\u00e0 du moment captur\u00e9 sur la toile, ils t\u00e9moignent d\u2019une grande sensibilit\u00e9, dans leur attitude et leur comportement.<\/p>\n<p>A travers sa pratique, Elo\u00efse Brodeur questionne surtout une mani\u00e8re de vivre et de consommer, l\u2019abondance, le surplus et la surproduction. Depuis la fin de ses \u00e9tudes, elle met son pinceau au service de ce qui l\u2019attire et la fascine : l\u2019anodin revu et r\u00e9interpr\u00e9t\u00e9. Elle repr\u00e9sente une version id\u00e9alis\u00e9e de la vache. Des vaches de laboratoire en somme. L\u2019artiste les extirpe de leur milieu naturel, rempla\u00e7ant le p\u00e2turage par un arri\u00e8re-plan monochrome. Cet espace s\u2019impose \u00e0 l\u2019artiste comme une zone de r\u00e9flexion et d\u2019interrogation. A travers cette volont\u00e9 de calme et d\u2019\u00e9puration, elle cherche \u00e0 extraire le superflu. Avec le temps, le minimalisme de ses compositions se d\u00e9veloppe et s\u2019affine. Cette qu\u00eate de l\u2019essentiel se manifeste par un resserrement des compositions, un rapprochement du cadre vers la figure bovine et une emphase sur la pr\u00e9sence unique de l\u2019animal. Elle tente de respecter la tranquillit\u00e9 et l\u2019\u00e9quanimit\u00e9 de son sujet en utilisant une palette presque monochromatique. Extrait de son environnement naturel et color\u00e9, l\u2019espace pur qui l\u2019entoure sugg\u00e8re l\u2019\u00e9quilibre et appelle \u00e0 la s\u00e9r\u00e9nit\u00e9 et l\u2019introspection.<\/p>\n<p>***<\/p>\n<p>N\u00e9e \u00e0 Montr\u00e9al en 1976, \u00c9lo\u00efse Brodeur \u00e9volue d\u00e8s son plus jeune \u00e2ge dans un milieu favorable au d\u00e9veloppement de sa cr\u00e9ativit\u00e9. Diplom\u00e9e enFine Arts \u00e0 l\u2019Universit\u00e9 de Concordia, elle compl\u00e8te sa formation en Italie pour parfaire sa technique en dessin. Ses \u0153uvres, colossales, essentiellement figuratives, s\u2019illustrent sur la sc\u00e8ne nationale et internationale. Elles s\u2019imposent tant au niveau de la qualit\u00e9 de l\u2019ex\u00e9cution et de la ma\u00eetrise technique o\u00f9 la mati\u00e8re est magnifi\u00e9e et nous interpellent avec force.<\/p>\n<\/div>\n<\/div><\/div><\/div><\/div><\/div><\/div>","protected":false},"excerpt":{"rendered":"<p>\u00c0 travers la r\u00e9p\u00e9tition de la repr\u00e9sentation de la vache, Elo\u00efse Brodeur suscite le questionnement, le d\u00e9bat. Outre la fra\u00eecheur de l\u2019\u00e9tude, la justesse des proportions ou encore le rendu, c\u2019est plut\u00f4t la persistance \u00e0 reproduire l\u2019animal qui nous interpelle. Ces bovins sont immobiles, satisfaits et ruminants, mais au-del\u00e0 du moment captur\u00e9 sur la toile, &hellip; <a href=\"http:\/\/eloisebrodeur.com\/fr\/a-propos\/\" title=\"\u00c0 propos\" class=\"read-more\">Read More<\/a><\/p>\n","protected":false},"author":1,"featured_media":0,"parent":0,"menu_order":30,"comment_status":"closed","ping_status":"open","template":"page.php","meta":{"footnotes":""},"class_list":["post-2","page","type-page","status-publish","hentry"],"_links":{"self":[{"href":"http:\/\/eloisebrodeur.com\/fr\/wp-json\/wp\/v2\/pages\/2","targetHints":{"allow":["GET"]}}],"collection":[{"href":"http:\/\/eloisebrodeur.com\/fr\/wp-json\/wp\/v2\/pages"}],"about":[{"href":"http:\/\/eloisebrodeur.com\/fr\/wp-json\/wp\/v2\/types\/page"}],"author":[{"embeddable":true,"href":"http:\/\/eloisebrodeur.com\/fr\/wp-json\/wp\/v2\/users\/1"}],"replies":[{"embeddable":true,"href":"http:\/\/eloisebrodeur.com\/fr\/wp-json\/wp\/v2\/comments?post=2"}],"version-history":[{"count":2,"href":"http:\/\/eloisebrodeur.com\/fr\/wp-json\/wp\/v2\/pages\/2\/revisions"}],"predecessor-version":[{"id":1126,"href":"http:\/\/eloisebrodeur.com\/fr\/wp-json\/wp\/v2\/pages\/2\/revisions\/1126"}],"wp:attachment":[{"href":"http:\/\/eloisebrodeur.com\/fr\/wp-json\/wp\/v2\/media?parent=2"}],"curies":[{"name":"wp","href":"https:\/\/api.w.org\/{rel}","templated":true}]}}