{"id":365,"date":"2017-10-11T23:13:18","date_gmt":"2017-10-12T03:13:18","guid":{"rendered":"http:\/\/eloisebrodeur.com\/s7QBf5mp\/?page_id=365"},"modified":"2017-10-12T01:12:20","modified_gmt":"2017-10-12T05:12:20","slug":"dessins","status":"publish","type":"page","link":"http:\/\/eloisebrodeur.com\/fr\/dessins\/","title":{"rendered":"Dessins"},"content":{"rendered":"<div id=\"pl-365\"  class=\"panel-layout\" ><div id=\"pg-365-0\"  class=\"panel-grid panel-no-style\" ><div id=\"pgc-365-0-0\"  class=\"panel-grid-cell\" ><div id=\"panel-365-0-0-0\" class=\"so-panel widget widget_ttrust_portfolio create-portfolio panel-first-child panel-last-child\" data-index=\"0\" >\t\t\t\n\t\t\t\t<div class=\"projects rows-with-gutter col-4\">\n\t\t\t\t\n\t\t\t\t\t\t\t\t\t\t\t\t\t\n\t\t\t\t\n\t\t\t\t\t<div class=\"thumbs clearfix\">\n\t\t\t\t\t\t<div class=\"grid-sizer\"><\/div>\t\t\t\t\t\t\n\t\t\t\t\t\t\n\t\t\t\t\t<div class=\"project small 2017-fr dessins effect-1 \" id=\"project-916\">\n\t\t\t\t\t\t<div class=\"inside\">\n\t\t\t\t\t\t\t\n\t\t\t\t\t\t\t<div class=\"details \" style=\"border-color: ;\">\n\t\t\t\t\t\t\t\t<div class=\"text\">\n\t\t\t\t\t\t\t\t\n\t\t\t\t\t\t\t\t<div class=\"title\" >\n\t\t\t\t\t\t\t\t\t<h3 class=\"entry-title\" style=\"color: !important;\">\u00c9tude 12<\/h3>\n\t\t\t\t\t\t\t\t<\/div>\n\t\t\t\t\t\t\t\t\n\t\t\t\t\t\t\t\t\t\t\t\t\t\t\t\t\n\t\t\t\t\t\t\t\t<\/div>\n\t\t\t\t\t\t\t<\/div>\n\n\t\t\t\t\t\t\t<div class=\"overlay\" style=\"background-color: ;\"><\/div>\n\t\t\t\t\t\t\t\n\t\t\t\t\t\t\t\t\t\t\t\t\t\t\t<a href=\"http:\/\/eloisebrodeur.com\/fr\/project\/etude-12\/\" alt=\"\u00c9tude 12\"><\/a>\n\t\t\t\t\t\t\t\t\t\t\t\t\t<img loading=\"lazy\" decoding=\"async\" width=\"700\" height=\"700\" src=\"http:\/\/eloisebrodeur.com\/s7QBf5mp\/wp-content\/uploads\/2021\/05\/2017-etude-12-700x700.jpg\" class=\" wp-post-image\" alt=\"\u00c9tude 12\" title=\"\u00c9tude 12\" srcset=\"http:\/\/eloisebrodeur.com\/s7QBf5mp\/wp-content\/uploads\/2021\/05\/2017-etude-12-700x700.jpg 700w, http:\/\/eloisebrodeur.com\/s7QBf5mp\/wp-content\/uploads\/2021\/05\/2017-etude-12-150x150.jpg 150w\" sizes=\"auto, (max-width: 700px) 100vw, 700px\" \/>\n\t\t\t\t\t\t\n\n\t\t\t\t\t\t\n\t\t\t\t\t\t<\/div>\n\t\t\t\t\t<\/div><!-- #post->ID -->\n\t\t\t\t\t\t\n\t\t\t\t\t<div class=\"project small 2017-fr dessins effect-1 \" id=\"project-911\">\n\t\t\t\t\t\t<div class=\"inside\">\n\t\t\t\t\t\t\t\n\t\t\t\t\t\t\t<div class=\"details \" style=\"border-color: ;\">\n\t\t\t\t\t\t\t\t<div class=\"text\">\n\t\t\t\t\t\t\t\t\n\t\t\t\t\t\t\t\t<div class=\"title\" >\n\t\t\t\t\t\t\t\t\t<h3 class=\"entry-title\" style=\"color: !important;\">\u00c9tude 11<\/h3>\n\t\t\t\t\t\t\t\t<\/div>\n\t\t\t\t\t\t\t\t\n\t\t\t\t\t\t\t\t\t\t\t\t\t\t\t\t\n\t\t\t\t\t\t\t\t<\/div>\n\t\t\t\t\t\t\t<\/div>\n\n\t\t\t\t\t\t\t<div class=\"overlay\" style=\"background-color: ;\"><\/div>\n\t\t\t\t\t\t\t\n\t\t\t\t\t\t\t\t\t\t\t\t\t\t\t<a href=\"http:\/\/eloisebrodeur.com\/fr\/project\/etude-11\/\" alt=\"\u00c9tude 11\"><\/a>\n\t\t\t\t\t\t\t\t\t\t\t\t\t<img loading=\"lazy\" decoding=\"async\" width=\"700\" height=\"700\" src=\"http:\/\/eloisebrodeur.com\/s7QBf5mp\/wp-content\/uploads\/2021\/05\/2017-etude-11-700x700.jpg\" class=\" wp-post-image\" alt=\"\u00c9tude 11\" title=\"\u00c9tude 11\" srcset=\"http:\/\/eloisebrodeur.com\/s7QBf5mp\/wp-content\/uploads\/2021\/05\/2017-etude-11-700x700.jpg 700w, http:\/\/eloisebrodeur.com\/s7QBf5mp\/wp-content\/uploads\/2021\/05\/2017-etude-11-150x150.jpg 150w, http:\/\/eloisebrodeur.com\/s7QBf5mp\/wp-content\/uploads\/2021\/05\/2017-etude-11-1000x1000.jpg 1000w\" sizes=\"auto, (max-width: 700px) 100vw, 700px\" \/>\n\t\t\t\t\t\t\n\n\t\t\t\t\t\t\n\t\t\t\t\t\t<\/div>\n\t\t\t\t\t<\/div><!-- #post->ID -->\n\t\t\t\t\t\t\n\t\t\t\t\t<div class=\"project small 2017-fr dessins effect-1 \" id=\"project-906\">\n\t\t\t\t\t\t<div class=\"inside\">\n\t\t\t\t\t\t\t\n\t\t\t\t\t\t\t<div class=\"details \" style=\"border-color: ;\">\n\t\t\t\t\t\t\t\t<div class=\"text\">\n\t\t\t\t\t\t\t\t\n\t\t\t\t\t\t\t\t<div class=\"title\" >\n\t\t\t\t\t\t\t\t\t<h3 class=\"entry-title\" style=\"color: !important;\">\u00c9tude 10<\/h3>\n\t\t\t\t\t\t\t\t<\/div>\n\t\t\t\t\t\t\t\t\n\t\t\t\t\t\t\t\t\t\t\t\t\t\t\t\t\n\t\t\t\t\t\t\t\t<\/div>\n\t\t\t\t\t\t\t<\/div>\n\n\t\t\t\t\t\t\t<div class=\"overlay\" style=\"background-color: ;\"><\/div>\n\t\t\t\t\t\t\t\n\t\t\t\t\t\t\t\t\t\t\t\t\t\t\t<a href=\"http:\/\/eloisebrodeur.com\/fr\/project\/etude-10\/\" alt=\"\u00c9tude 10\"><\/a>\n\t\t\t\t\t\t\t\t\t\t\t\t\t<img loading=\"lazy\" decoding=\"async\" width=\"700\" height=\"700\" src=\"http:\/\/eloisebrodeur.com\/s7QBf5mp\/wp-content\/uploads\/2021\/05\/2017-etude-10-700x700.jpg\" class=\" wp-post-image\" alt=\"\u00c9tude 10\" title=\"\u00c9tude 10\" srcset=\"http:\/\/eloisebrodeur.com\/s7QBf5mp\/wp-content\/uploads\/2021\/05\/2017-etude-10-700x700.jpg 700w, http:\/\/eloisebrodeur.com\/s7QBf5mp\/wp-content\/uploads\/2021\/05\/2017-etude-10-150x150.jpg 150w, http:\/\/eloisebrodeur.com\/s7QBf5mp\/wp-content\/uploads\/2021\/05\/2017-etude-10-1000x1000.jpg 1000w\" sizes=\"auto, (max-width: 700px) 100vw, 700px\" \/>\n\t\t\t\t\t\t\n\n\t\t\t\t\t\t\n\t\t\t\t\t\t<\/div>\n\t\t\t\t\t<\/div><!-- #post->ID -->\n\t\t\t\t\t\t\n\t\t\t\t\t<div class=\"project small 2017-fr dessins effect-1 \" id=\"project-901\">\n\t\t\t\t\t\t<div class=\"inside\">\n\t\t\t\t\t\t\t\n\t\t\t\t\t\t\t<div class=\"details \" style=\"border-color: ;\">\n\t\t\t\t\t\t\t\t<div class=\"text\">\n\t\t\t\t\t\t\t\t\n\t\t\t\t\t\t\t\t<div class=\"title\" >\n\t\t\t\t\t\t\t\t\t<h3 class=\"entry-title\" style=\"color: !important;\">\u00c9tude 9<\/h3>\n\t\t\t\t\t\t\t\t<\/div>\n\t\t\t\t\t\t\t\t\n\t\t\t\t\t\t\t\t\t\t\t\t\t\t\t\t\n\t\t\t\t\t\t\t\t<\/div>\n\t\t\t\t\t\t\t<\/div>\n\n\t\t\t\t\t\t\t<div class=\"overlay\" style=\"background-color: ;\"><\/div>\n\t\t\t\t\t\t\t\n\t\t\t\t\t\t\t\t\t\t\t\t\t\t\t<a href=\"http:\/\/eloisebrodeur.com\/fr\/project\/etude-9\/\" alt=\"\u00c9tude 9\"><\/a>\n\t\t\t\t\t\t\t\t\t\t\t\t\t<img loading=\"lazy\" decoding=\"async\" width=\"700\" height=\"700\" src=\"http:\/\/eloisebrodeur.com\/s7QBf5mp\/wp-content\/uploads\/2021\/05\/2017-etude-9-700x700.jpg\" class=\" wp-post-image\" alt=\"\u00c9tude 9\" title=\"\u00c9tude 9\" srcset=\"http:\/\/eloisebrodeur.com\/s7QBf5mp\/wp-content\/uploads\/2021\/05\/2017-etude-9-700x700.jpg 700w, http:\/\/eloisebrodeur.com\/s7QBf5mp\/wp-content\/uploads\/2021\/05\/2017-etude-9-150x150.jpg 150w, http:\/\/eloisebrodeur.com\/s7QBf5mp\/wp-content\/uploads\/2021\/05\/2017-etude-9-1000x1000.jpg 1000w\" sizes=\"auto, (max-width: 700px) 100vw, 700px\" \/>\n\t\t\t\t\t\t\n\n\t\t\t\t\t\t\n\t\t\t\t\t\t<\/div>\n\t\t\t\t\t<\/div><!-- #post->ID -->\n\t\t\t\t\t\t\n\t\t\t\t\t<div class=\"project small 2017-fr dessins effect-1 \" id=\"project-592\">\n\t\t\t\t\t\t<div class=\"inside\">\n\t\t\t\t\t\t\t\n\t\t\t\t\t\t\t<div class=\"details \" style=\"border-color: ;\">\n\t\t\t\t\t\t\t\t<div class=\"text\">\n\t\t\t\t\t\t\t\t\n\t\t\t\t\t\t\t\t<div class=\"title\" >\n\t\t\t\t\t\t\t\t\t<h3 class=\"entry-title\" style=\"color: !important;\">\u00c9tude 8<\/h3>\n\t\t\t\t\t\t\t\t<\/div>\n\t\t\t\t\t\t\t\t\n\t\t\t\t\t\t\t\t\t\t\t\t\t\t\t\t\n\t\t\t\t\t\t\t\t<\/div>\n\t\t\t\t\t\t\t<\/div>\n\n\t\t\t\t\t\t\t<div class=\"overlay\" style=\"background-color: ;\"><\/div>\n\t\t\t\t\t\t\t\n\t\t\t\t\t\t\t\t\t\t\t\t\t\t\t<a href=\"http:\/\/eloisebrodeur.com\/fr\/project\/etude-8\/\" alt=\"\u00c9tude 8\"><\/a>\n\t\t\t\t\t\t\t\t\t\t\t\t\t<img loading=\"lazy\" decoding=\"async\" width=\"700\" height=\"700\" src=\"http:\/\/eloisebrodeur.com\/s7QBf5mp\/wp-content\/uploads\/2017\/10\/2017-etude-8-700x700.jpg\" class=\" wp-post-image\" alt=\"\u00c9tude 8\" title=\"\u00c9tude 8\" srcset=\"http:\/\/eloisebrodeur.com\/s7QBf5mp\/wp-content\/uploads\/2017\/10\/2017-etude-8-700x700.jpg 700w, http:\/\/eloisebrodeur.com\/s7QBf5mp\/wp-content\/uploads\/2017\/10\/2017-etude-8-150x150.jpg 150w, http:\/\/eloisebrodeur.com\/s7QBf5mp\/wp-content\/uploads\/2017\/10\/2017-etude-8-1000x1000.jpg 1000w\" sizes=\"auto, (max-width: 700px) 100vw, 700px\" \/>\n\t\t\t\t\t\t\n\n\t\t\t\t\t\t\n\t\t\t\t\t\t<\/div>\n\t\t\t\t\t<\/div><!-- #post->ID -->\n\t\t\t\t\t\t\n\t\t\t\t\t<div class=\"project small 2017-fr dessins effect-1 \" id=\"project-598\">\n\t\t\t\t\t\t<div class=\"inside\">\n\t\t\t\t\t\t\t\n\t\t\t\t\t\t\t<div class=\"details \" style=\"border-color: ;\">\n\t\t\t\t\t\t\t\t<div class=\"text\">\n\t\t\t\t\t\t\t\t\n\t\t\t\t\t\t\t\t<div class=\"title\" >\n\t\t\t\t\t\t\t\t\t<h3 class=\"entry-title\" style=\"color: !important;\">\u00c9tude 7<\/h3>\n\t\t\t\t\t\t\t\t<\/div>\n\t\t\t\t\t\t\t\t\n\t\t\t\t\t\t\t\t\t\t\t\t\t\t\t\t\n\t\t\t\t\t\t\t\t<\/div>\n\t\t\t\t\t\t\t<\/div>\n\n\t\t\t\t\t\t\t<div class=\"overlay\" style=\"background-color: ;\"><\/div>\n\t\t\t\t\t\t\t\n\t\t\t\t\t\t\t\t\t\t\t\t\t\t\t<a href=\"http:\/\/eloisebrodeur.com\/fr\/project\/etude-7\/\" alt=\"\u00c9tude 7\"><\/a>\n\t\t\t\t\t\t\t\t\t\t\t\t\t<img loading=\"lazy\" decoding=\"async\" width=\"700\" height=\"700\" src=\"http:\/\/eloisebrodeur.com\/s7QBf5mp\/wp-content\/uploads\/2017\/10\/2017-etude-7-700x700.jpg\" class=\" wp-post-image\" alt=\"\u00c9tude 7\" title=\"\u00c9tude 7\" srcset=\"http:\/\/eloisebrodeur.com\/s7QBf5mp\/wp-content\/uploads\/2017\/10\/2017-etude-7-700x700.jpg 700w, http:\/\/eloisebrodeur.com\/s7QBf5mp\/wp-content\/uploads\/2017\/10\/2017-etude-7-150x150.jpg 150w, http:\/\/eloisebrodeur.com\/s7QBf5mp\/wp-content\/uploads\/2017\/10\/2017-etude-7-1000x1000.jpg 1000w\" sizes=\"auto, (max-width: 700px) 100vw, 700px\" \/>\n\t\t\t\t\t\t\n\n\t\t\t\t\t\t\n\t\t\t\t\t\t<\/div>\n\t\t\t\t\t<\/div><!-- #post->ID -->\n\t\t\t\t\t\t\n\t\t\t\t\t<div class=\"project small 2017-fr dessins effect-1 \" id=\"project-601\">\n\t\t\t\t\t\t<div class=\"inside\">\n\t\t\t\t\t\t\t\n\t\t\t\t\t\t\t<div class=\"details \" style=\"border-color: ;\">\n\t\t\t\t\t\t\t\t<div class=\"text\">\n\t\t\t\t\t\t\t\t\n\t\t\t\t\t\t\t\t<div class=\"title\" >\n\t\t\t\t\t\t\t\t\t<h3 class=\"entry-title\" style=\"color: !important;\">\u00c9tude 6<\/h3>\n\t\t\t\t\t\t\t\t<\/div>\n\t\t\t\t\t\t\t\t\n\t\t\t\t\t\t\t\t\t\t\t\t\t\t\t\t\n\t\t\t\t\t\t\t\t<\/div>\n\t\t\t\t\t\t\t<\/div>\n\n\t\t\t\t\t\t\t<div class=\"overlay\" style=\"background-color: ;\"><\/div>\n\t\t\t\t\t\t\t\n\t\t\t\t\t\t\t\t\t\t\t\t\t\t\t<a href=\"http:\/\/eloisebrodeur.com\/fr\/project\/etude-6\/\" alt=\"\u00c9tude 6\"><\/a>\n\t\t\t\t\t\t\t\t\t\t\t\t\t<img loading=\"lazy\" decoding=\"async\" width=\"700\" height=\"700\" src=\"http:\/\/eloisebrodeur.com\/s7QBf5mp\/wp-content\/uploads\/2017\/10\/2017-etude-6-700x700.jpg\" class=\" wp-post-image\" alt=\"\u00c9tude 6\" title=\"\u00c9tude 6\" srcset=\"http:\/\/eloisebrodeur.com\/s7QBf5mp\/wp-content\/uploads\/2017\/10\/2017-etude-6-700x700.jpg 700w, http:\/\/eloisebrodeur.com\/s7QBf5mp\/wp-content\/uploads\/2017\/10\/2017-etude-6-150x150.jpg 150w, http:\/\/eloisebrodeur.com\/s7QBf5mp\/wp-content\/uploads\/2017\/10\/2017-etude-6-1000x1000.jpg 1000w\" sizes=\"auto, (max-width: 700px) 100vw, 700px\" \/>\n\t\t\t\t\t\t\n\n\t\t\t\t\t\t\n\t\t\t\t\t\t<\/div>\n\t\t\t\t\t<\/div><!-- #post->ID -->\n\t\t\t\t\t\t\n\t\t\t\t\t<div class=\"project small 2017-fr dessins effect-1 \" id=\"project-615\">\n\t\t\t\t\t\t<div class=\"inside\">\n\t\t\t\t\t\t\t\n\t\t\t\t\t\t\t<div class=\"details \" style=\"border-color: ;\">\n\t\t\t\t\t\t\t\t<div class=\"text\">\n\t\t\t\t\t\t\t\t\n\t\t\t\t\t\t\t\t<div class=\"title\" >\n\t\t\t\t\t\t\t\t\t<h3 class=\"entry-title\" style=\"color: !important;\">\u00c9tude 5<\/h3>\n\t\t\t\t\t\t\t\t<\/div>\n\t\t\t\t\t\t\t\t\n\t\t\t\t\t\t\t\t\t\t\t\t\t\t\t\t\n\t\t\t\t\t\t\t\t<\/div>\n\t\t\t\t\t\t\t<\/div>\n\n\t\t\t\t\t\t\t<div class=\"overlay\" style=\"background-color: ;\"><\/div>\n\t\t\t\t\t\t\t\n\t\t\t\t\t\t\t\t\t\t\t\t\t\t\t<a href=\"http:\/\/eloisebrodeur.com\/fr\/project\/etude-5\/\" alt=\"\u00c9tude 5\"><\/a>\n\t\t\t\t\t\t\t\t\t\t\t\t\t<img loading=\"lazy\" decoding=\"async\" width=\"700\" height=\"700\" src=\"http:\/\/eloisebrodeur.com\/s7QBf5mp\/wp-content\/uploads\/2017\/10\/2017-etude-5-700x700.jpg\" class=\" wp-post-image\" alt=\"\u00c9tude 5\" title=\"\u00c9tude 5\" srcset=\"http:\/\/eloisebrodeur.com\/s7QBf5mp\/wp-content\/uploads\/2017\/10\/2017-etude-5-700x700.jpg 700w, http:\/\/eloisebrodeur.com\/s7QBf5mp\/wp-content\/uploads\/2017\/10\/2017-etude-5-150x150.jpg 150w, http:\/\/eloisebrodeur.com\/s7QBf5mp\/wp-content\/uploads\/2017\/10\/2017-etude-5-1000x1000.jpg 1000w\" sizes=\"auto, (max-width: 700px) 100vw, 700px\" \/>\n\t\t\t\t\t\t\n\n\t\t\t\t\t\t\n\t\t\t\t\t\t<\/div>\n\t\t\t\t\t<\/div><!-- #post->ID -->\n\t\t\t\t\t\t\n\t\t\t\t\t<div class=\"project small 2017-fr dessins effect-1 \" id=\"project-612\">\n\t\t\t\t\t\t<div class=\"inside\">\n\t\t\t\t\t\t\t\n\t\t\t\t\t\t\t<div class=\"details \" style=\"border-color: ;\">\n\t\t\t\t\t\t\t\t<div class=\"text\">\n\t\t\t\t\t\t\t\t\n\t\t\t\t\t\t\t\t<div class=\"title\" >\n\t\t\t\t\t\t\t\t\t<h3 class=\"entry-title\" style=\"color: !important;\">\u00c9tude 4<\/h3>\n\t\t\t\t\t\t\t\t<\/div>\n\t\t\t\t\t\t\t\t\n\t\t\t\t\t\t\t\t\t\t\t\t\t\t\t\t\n\t\t\t\t\t\t\t\t<\/div>\n\t\t\t\t\t\t\t<\/div>\n\n\t\t\t\t\t\t\t<div class=\"overlay\" style=\"background-color: ;\"><\/div>\n\t\t\t\t\t\t\t\n\t\t\t\t\t\t\t\t\t\t\t\t\t\t\t<a href=\"http:\/\/eloisebrodeur.com\/fr\/project\/etude-4\/\" alt=\"\u00c9tude 4\"><\/a>\n\t\t\t\t\t\t\t\t\t\t\t\t\t<img loading=\"lazy\" decoding=\"async\" width=\"700\" height=\"700\" src=\"http:\/\/eloisebrodeur.com\/s7QBf5mp\/wp-content\/uploads\/2017\/10\/2017-etude-4-700x700.jpg\" class=\" wp-post-image\" alt=\"\u00c9tude 4\" title=\"\u00c9tude 4\" srcset=\"http:\/\/eloisebrodeur.com\/s7QBf5mp\/wp-content\/uploads\/2017\/10\/2017-etude-4-700x700.jpg 700w, http:\/\/eloisebrodeur.com\/s7QBf5mp\/wp-content\/uploads\/2017\/10\/2017-etude-4-150x150.jpg 150w, http:\/\/eloisebrodeur.com\/s7QBf5mp\/wp-content\/uploads\/2017\/10\/2017-etude-4-1000x1000.jpg 1000w\" sizes=\"auto, (max-width: 700px) 100vw, 700px\" \/>\n\t\t\t\t\t\t\n\n\t\t\t\t\t\t\n\t\t\t\t\t\t<\/div>\n\t\t\t\t\t<\/div><!-- #post->ID -->\n\t\t\t\t\t\t\n\t\t\t\t\t<div class=\"project small 2017-fr dessins effect-1 \" id=\"project-609\">\n\t\t\t\t\t\t<div class=\"inside\">\n\t\t\t\t\t\t\t\n\t\t\t\t\t\t\t<div class=\"details \" style=\"border-color: ;\">\n\t\t\t\t\t\t\t\t<div class=\"text\">\n\t\t\t\t\t\t\t\t\n\t\t\t\t\t\t\t\t<div class=\"title\" >\n\t\t\t\t\t\t\t\t\t<h3 class=\"entry-title\" style=\"color: !important;\">\u00c9tude 3<\/h3>\n\t\t\t\t\t\t\t\t<\/div>\n\t\t\t\t\t\t\t\t\n\t\t\t\t\t\t\t\t\t\t\t\t\t\t\t\t\n\t\t\t\t\t\t\t\t<\/div>\n\t\t\t\t\t\t\t<\/div>\n\n\t\t\t\t\t\t\t<div class=\"overlay\" style=\"background-color: ;\"><\/div>\n\t\t\t\t\t\t\t\n\t\t\t\t\t\t\t\t\t\t\t\t\t\t\t<a href=\"http:\/\/eloisebrodeur.com\/fr\/project\/etude-3\/\" alt=\"\u00c9tude 3\"><\/a>\n\t\t\t\t\t\t\t\t\t\t\t\t\t<img loading=\"lazy\" decoding=\"async\" width=\"700\" height=\"700\" src=\"http:\/\/eloisebrodeur.com\/s7QBf5mp\/wp-content\/uploads\/2017\/10\/2017-etude-3-700x700.jpg\" class=\" wp-post-image\" alt=\"\u00c9tude 3\" title=\"\u00c9tude 3\" srcset=\"http:\/\/eloisebrodeur.com\/s7QBf5mp\/wp-content\/uploads\/2017\/10\/2017-etude-3-700x700.jpg 700w, http:\/\/eloisebrodeur.com\/s7QBf5mp\/wp-content\/uploads\/2017\/10\/2017-etude-3-150x150.jpg 150w, http:\/\/eloisebrodeur.com\/s7QBf5mp\/wp-content\/uploads\/2017\/10\/2017-etude-3-1000x1000.jpg 1000w\" sizes=\"auto, (max-width: 700px) 100vw, 700px\" \/>\n\t\t\t\t\t\t\n\n\t\t\t\t\t\t\n\t\t\t\t\t\t<\/div>\n\t\t\t\t\t<\/div><!-- #post->ID -->\n\t\t\t\t\t\t\n\t\t\t\t\t<div class=\"project small 2017-fr dessins effect-1 \" id=\"project-632\">\n\t\t\t\t\t\t<div class=\"inside\">\n\t\t\t\t\t\t\t\n\t\t\t\t\t\t\t<div class=\"details \" style=\"border-color: ;\">\n\t\t\t\t\t\t\t\t<div class=\"text\">\n\t\t\t\t\t\t\t\t\n\t\t\t\t\t\t\t\t<div class=\"title\" >\n\t\t\t\t\t\t\t\t\t<h3 class=\"entry-title\" style=\"color: !important;\">\u00c9tude 2<\/h3>\n\t\t\t\t\t\t\t\t<\/div>\n\t\t\t\t\t\t\t\t\n\t\t\t\t\t\t\t\t\t\t\t\t\t\t\t\t\n\t\t\t\t\t\t\t\t<\/div>\n\t\t\t\t\t\t\t<\/div>\n\n\t\t\t\t\t\t\t<div class=\"overlay\" style=\"background-color: ;\"><\/div>\n\t\t\t\t\t\t\t\n\t\t\t\t\t\t\t\t\t\t\t\t\t\t\t<a href=\"http:\/\/eloisebrodeur.com\/fr\/project\/etude-2\/\" alt=\"\u00c9tude 2\"><\/a>\n\t\t\t\t\t\t\t\t\t\t\t\t\t<img loading=\"lazy\" decoding=\"async\" width=\"700\" height=\"700\" src=\"http:\/\/eloisebrodeur.com\/s7QBf5mp\/wp-content\/uploads\/2017\/10\/2017-etude-2-700x700.jpg\" class=\" wp-post-image\" alt=\"\u00c9tude 2\" title=\"\u00c9tude 2\" srcset=\"http:\/\/eloisebrodeur.com\/s7QBf5mp\/wp-content\/uploads\/2017\/10\/2017-etude-2-700x700.jpg 700w, http:\/\/eloisebrodeur.com\/s7QBf5mp\/wp-content\/uploads\/2017\/10\/2017-etude-2-150x150.jpg 150w\" sizes=\"auto, (max-width: 700px) 100vw, 700px\" \/>\n\t\t\t\t\t\t\n\n\t\t\t\t\t\t\n\t\t\t\t\t\t<\/div>\n\t\t\t\t\t<\/div><!-- #post->ID -->\n\t\t\t\t\t\t\n\t\t\t\t\t<div class=\"project small 2017-fr dessins effect-1 \" id=\"project-604\">\n\t\t\t\t\t\t<div class=\"inside\">\n\t\t\t\t\t\t\t\n\t\t\t\t\t\t\t<div class=\"details \" style=\"border-color: ;\">\n\t\t\t\t\t\t\t\t<div class=\"text\">\n\t\t\t\t\t\t\t\t\n\t\t\t\t\t\t\t\t<div class=\"title\" >\n\t\t\t\t\t\t\t\t\t<h3 class=\"entry-title\" style=\"color: !important;\">\u00c9tude 1<\/h3>\n\t\t\t\t\t\t\t\t<\/div>\n\t\t\t\t\t\t\t\t\n\t\t\t\t\t\t\t\t\t\t\t\t\t\t\t\t\n\t\t\t\t\t\t\t\t<\/div>\n\t\t\t\t\t\t\t<\/div>\n\n\t\t\t\t\t\t\t<div class=\"overlay\" style=\"background-color: ;\"><\/div>\n\t\t\t\t\t\t\t\n\t\t\t\t\t\t\t\t\t\t\t\t\t\t\t<a href=\"http:\/\/eloisebrodeur.com\/fr\/project\/etude-1\/\" alt=\"\u00c9tude 1\"><\/a>\n\t\t\t\t\t\t\t\t\t\t\t\t\t<img loading=\"lazy\" decoding=\"async\" width=\"700\" height=\"700\" src=\"http:\/\/eloisebrodeur.com\/s7QBf5mp\/wp-content\/uploads\/2017\/10\/2017-etude-1-700x700.jpg\" class=\" wp-post-image\" alt=\"\u00c9tude 1\" title=\"\u00c9tude 1\" srcset=\"http:\/\/eloisebrodeur.com\/s7QBf5mp\/wp-content\/uploads\/2017\/10\/2017-etude-1-700x700.jpg 700w, http:\/\/eloisebrodeur.com\/s7QBf5mp\/wp-content\/uploads\/2017\/10\/2017-etude-1-150x150.jpg 150w\" sizes=\"auto, (max-width: 700px) 100vw, 700px\" \/>\n\t\t\t\t\t\t\n\n\t\t\t\t\t\t\n\t\t\t\t\t\t<\/div>\n\t\t\t\t\t<\/div><!-- #post->ID -->\n\t\t\t\t\t\t\t\t\t\t\t<\/div><!-- .thumbs -->\n\t\t\t\t\t\t\t\t\t<\/div><!-- .projects -->\n\t\t\t\t<\/div><\/div><\/div><\/div>","protected":false},"excerpt":{"rendered":"<p>\u00c9tude 12 \u00c9tude 11 \u00c9tude 10 \u00c9tude 9 \u00c9tude 8 \u00c9tude 7 \u00c9tude 6 \u00c9tude 5 \u00c9tude 4 \u00c9tude 3 \u00c9tude 2 \u00c9tude 1<\/p>\n","protected":false},"author":1,"featured_media":0,"parent":0,"menu_order":20,"comment_status":"closed","ping_status":"closed","template":"page.php","meta":{"footnotes":""},"class_list":["post-365","page","type-page","status-publish","hentry"],"_links":{"self":[{"href":"http:\/\/eloisebrodeur.com\/fr\/wp-json\/wp\/v2\/pages\/365","targetHints":{"allow":["GET"]}}],"collection":[{"href":"http:\/\/eloisebrodeur.com\/fr\/wp-json\/wp\/v2\/pages"}],"about":[{"href":"http:\/\/eloisebrodeur.com\/fr\/wp-json\/wp\/v2\/types\/page"}],"author":[{"embeddable":true,"href":"http:\/\/eloisebrodeur.com\/fr\/wp-json\/wp\/v2\/users\/1"}],"replies":[{"embeddable":true,"href":"http:\/\/eloisebrodeur.com\/fr\/wp-json\/wp\/v2\/comments?post=365"}],"version-history":[{"count":0,"href":"http:\/\/eloisebrodeur.com\/fr\/wp-json\/wp\/v2\/pages\/365\/revisions"}],"wp:attachment":[{"href":"http:\/\/eloisebrodeur.com\/fr\/wp-json\/wp\/v2\/media?parent=365"}],"curies":[{"name":"wp","href":"https:\/\/api.w.org\/{rel}","templated":true}]}}