{"id":41,"date":"2017-06-28T10:23:49","date_gmt":"2017-06-28T14:23:49","guid":{"rendered":"http:\/\/eloisebrodeur.com\/s7QBf5mp\/?page_id=41\/"},"modified":"2023-01-31T14:26:49","modified_gmt":"2023-01-31T19:26:49","slug":"accueil","status":"publish","type":"page","link":"http:\/\/eloisebrodeur.com\/fr\/","title":{"rendered":"Accueil"},"content":{"rendered":"<div id=\"pl-41\"  class=\"panel-layout\" ><div id=\"pg-41-0\"  class=\"panel-grid panel-no-style\" ><div id=\"pgc-41-0-0\"  class=\"panel-grid-cell\" ><div id=\"panel-41-0-0-0\" class=\"so-panel widget widget_sow-slider panel-first-child panel-last-child\" data-index=\"0\" ><div\n\t\t\t\n\t\t\tclass=\"so-widget-sow-slider so-widget-sow-slider-default-6d39609536fd-41\"\n\t\t\t\n\t\t>\t\t\t\t<div class=\"sow-slider-base\" style=\"display: none\" tabindex=\"0\">\n\t\t\t\t\t<ul\n\t\t\t\t\tclass=\"sow-slider-images\"\n\t\t\t\t\tdata-settings=\"{&quot;pagination&quot;:true,&quot;speed&quot;:800,&quot;timeout&quot;:8000,&quot;paused&quot;:false,&quot;pause_on_hover&quot;:false,&quot;swipe&quot;:true,&quot;nav_always_show_desktop&quot;:&quot;&quot;,&quot;nav_always_show_mobile&quot;:&quot;&quot;,&quot;breakpoint&quot;:&quot;780px&quot;,&quot;unmute&quot;:false,&quot;anchor&quot;:null}\"\n\t\t\t\t\t\t\t\t\t\tdata-anchor-id=\"\"\n\t\t\t\t>\t\t<li class=\"sow-slider-image\" style=\"visibility: visible;;cursor: pointer;\" data-url=\"{&quot;url&quot;:&quot;http:\\\/\\\/eloisebrodeur.com\\\/fr\\\/peintures\\\/&quot;,&quot;new_window&quot;:false}\" >\n\t\t\t\t\t\t\t\t\t\t<a href=\"http:\/\/eloisebrodeur.com\/fr\/peintures\/\"\n\t\t\t\t>\n\t\t\t<img loading=\"lazy\" decoding=\"async\" width=\"1075\" height=\"536\" src=\"http:\/\/eloisebrodeur.com\/s7QBf5mp\/wp-content\/uploads\/2020\/08\/IMG_1101.jpg\" class=\"sow-slider-background-image\" alt=\"Vaches 2020\" style=\"\" srcset=\"http:\/\/eloisebrodeur.com\/s7QBf5mp\/wp-content\/uploads\/2020\/08\/IMG_1101.jpg 1075w, http:\/\/eloisebrodeur.com\/s7QBf5mp\/wp-content\/uploads\/2020\/08\/IMG_1101-300x150.jpg 300w, http:\/\/eloisebrodeur.com\/s7QBf5mp\/wp-content\/uploads\/2020\/08\/IMG_1101-768x383.jpg 768w, http:\/\/eloisebrodeur.com\/s7QBf5mp\/wp-content\/uploads\/2020\/08\/IMG_1101-1024x511.jpg 1024w, http:\/\/eloisebrodeur.com\/s7QBf5mp\/wp-content\/uploads\/2020\/08\/IMG_1101-1000x500.jpg 1000w\" sizes=\"auto, (max-width: 1075px) 100vw, 1075px\" \/><\/a>\t\t<\/li>\n\t\t\t\t<li class=\"sow-slider-image\" style=\"visibility: hidden;;cursor: pointer;\" data-url=\"{&quot;url&quot;:&quot;http:\\\/\\\/eloisebrodeur.com\\\/fr\\\/peintures\\\/&quot;,&quot;new_window&quot;:false}\" >\n\t\t\t\t\t\t\t\t\t\t<a href=\"http:\/\/eloisebrodeur.com\/fr\/peintures\/\"\n\t\t\t\t>\n\t\t\t<img loading=\"lazy\" decoding=\"async\" width=\"1075\" height=\"537\" src=\"http:\/\/eloisebrodeur.com\/s7QBf5mp\/wp-content\/uploads\/2020\/08\/IMG_1102.jpg\" class=\"sow-slider-background-image\" alt=\"Vache sur rouge 2020\" style=\"\" srcset=\"http:\/\/eloisebrodeur.com\/s7QBf5mp\/wp-content\/uploads\/2020\/08\/IMG_1102.jpg 1075w, http:\/\/eloisebrodeur.com\/s7QBf5mp\/wp-content\/uploads\/2020\/08\/IMG_1102-300x150.jpg 300w, http:\/\/eloisebrodeur.com\/s7QBf5mp\/wp-content\/uploads\/2020\/08\/IMG_1102-768x384.jpg 768w, http:\/\/eloisebrodeur.com\/s7QBf5mp\/wp-content\/uploads\/2020\/08\/IMG_1102-1024x512.jpg 1024w, http:\/\/eloisebrodeur.com\/s7QBf5mp\/wp-content\/uploads\/2020\/08\/IMG_1102-1000x500.jpg 1000w\" sizes=\"auto, (max-width: 1075px) 100vw, 1075px\" \/><\/a>\t\t<\/li>\n\t\t\t\t<li class=\"sow-slider-image\" style=\"visibility: hidden;\" >\n\t\t\t\t\t\t<img loading=\"lazy\" decoding=\"async\" width=\"1200\" height=\"698\" src=\"http:\/\/eloisebrodeur.com\/s7QBf5mp\/wp-content\/uploads\/2021\/05\/2020-pooka-1.jpg\" class=\"sow-slider-background-image\" alt=\"Pooka\" style=\"\" srcset=\"http:\/\/eloisebrodeur.com\/s7QBf5mp\/wp-content\/uploads\/2021\/05\/2020-pooka-1.jpg 1200w, http:\/\/eloisebrodeur.com\/s7QBf5mp\/wp-content\/uploads\/2021\/05\/2020-pooka-1-300x175.jpg 300w, http:\/\/eloisebrodeur.com\/s7QBf5mp\/wp-content\/uploads\/2021\/05\/2020-pooka-1-768x447.jpg 768w, http:\/\/eloisebrodeur.com\/s7QBf5mp\/wp-content\/uploads\/2021\/05\/2020-pooka-1-1024x596.jpg 1024w\" sizes=\"auto, (max-width: 1200px) 100vw, 1200px\" \/>\t\t<\/li>\n\t\t\t\t<li class=\"sow-slider-image\" style=\"visibility: hidden;;cursor: pointer;\" data-url=\"{&quot;url&quot;:&quot;http:\\\/\\\/eloisebrodeur.com\\\/fr\\\/peintures\\\/&quot;,&quot;new_window&quot;:false}\" >\n\t\t\t\t\t\t\t\t\t\t<a href=\"http:\/\/eloisebrodeur.com\/fr\/peintures\/\"\n\t\t\t\t>\n\t\t\t<img loading=\"lazy\" decoding=\"async\" width=\"1075\" height=\"787\" src=\"http:\/\/eloisebrodeur.com\/s7QBf5mp\/wp-content\/uploads\/2020\/08\/ELO_0630-calibre.jpg\" class=\"sow-slider-background-image\" alt=\"Chien 2020\" style=\"\" srcset=\"http:\/\/eloisebrodeur.com\/s7QBf5mp\/wp-content\/uploads\/2020\/08\/ELO_0630-calibre.jpg 1075w, http:\/\/eloisebrodeur.com\/s7QBf5mp\/wp-content\/uploads\/2020\/08\/ELO_0630-calibre-300x220.jpg 300w, http:\/\/eloisebrodeur.com\/s7QBf5mp\/wp-content\/uploads\/2020\/08\/ELO_0630-calibre-768x562.jpg 768w, http:\/\/eloisebrodeur.com\/s7QBf5mp\/wp-content\/uploads\/2020\/08\/ELO_0630-calibre-1024x750.jpg 1024w\" sizes=\"auto, (max-width: 1075px) 100vw, 1075px\" \/><\/a>\t\t<\/li>\n\t\t<\/ul>\t\t\t\t<ol class=\"sow-slider-pagination\">\n\t\t\t\t\t\t\t\t\t\t\t<li><a href=\"#\" data-goto=\"0\" aria-label=\"Display slide 1\"><\/a><\/li>\n\t\t\t\t\t\t\t\t\t\t\t<li><a href=\"#\" data-goto=\"1\" aria-label=\"Display slide 2\"><\/a><\/li>\n\t\t\t\t\t\t\t\t\t\t\t<li><a href=\"#\" data-goto=\"2\" aria-label=\"Display slide 3\"><\/a><\/li>\n\t\t\t\t\t\t\t\t\t\t\t<li><a href=\"#\" data-goto=\"3\" aria-label=\"Display slide 4\"><\/a><\/li>\n\t\t\t\t\t\t\t\t\t<\/ol>\n\n\t\t\t\t<div class=\"sow-slide-nav sow-slide-nav-next\">\n\t\t\t\t\t<a href=\"#\" data-goto=\"next\" aria-label=\"Next slide\" data-action=\"next\">\n\t\t\t\t\t\t<em class=\"sow-sld-icon-thin-right\"><\/em>\n\t\t\t\t\t<\/a>\n\t\t\t\t<\/div>\n\n\t\t\t\t<div class=\"sow-slide-nav sow-slide-nav-prev\">\n\t\t\t\t\t<a href=\"#\" data-goto=\"previous\" aria-label=\"Previous slide\" data-action=\"prev\">\n\t\t\t\t\t\t<em class=\"sow-sld-icon-thin-left\"><\/em>\n\t\t\t\t\t<\/a>\n\t\t\t\t<\/div>\n\t\t\t\t<\/div><\/div><\/div><\/div><\/div><div id=\"pg-41-1\"  class=\"panel-grid panel-no-style\" ><div id=\"pgc-41-1-0\"  class=\"panel-grid-cell\" ><div id=\"panel-41-1-0-0\" class=\"so-panel widget widget_sow-editor panel-first-child panel-last-child\" data-index=\"1\" ><div\n\t\t\t\n\t\t\tclass=\"so-widget-sow-editor so-widget-sow-editor-base\"\n\t\t\t\n\t\t>\n<div class=\"siteorigin-widget-tinymce textwidget\">\n\t<p>Les fois o\u00f9 mon regard croise celui d\u2019un animal, ma parole s\u2019\u00e9teint. Le temps semble s\u2019\u00e9tirer et l\u2019espace s\u2019\u00e9claircir. Dans le silence de cet instant, une travers\u00e9 s\u2019op\u00e8re, la b\u00eate semble me savoir plus que je ne me sais moi-m\u00eame. Elle me r\u00e9v\u00e8le une part de mon \u00eatre.<\/p>\n<\/div>\n<\/div><\/div><\/div><\/div><\/div>","protected":false},"excerpt":{"rendered":"<p>Les fois o\u00f9 mon regard croise celui d\u2019un animal, ma parole s\u2019\u00e9teint. Le temps semble s\u2019\u00e9tirer et l\u2019espace s\u2019\u00e9claircir. Dans le silence de cet instant, une travers\u00e9 s\u2019op\u00e8re, la b\u00eate semble me savoir plus que je ne me sais moi-m\u00eame. Elle me r\u00e9v\u00e8le une part de mon \u00eatre.<\/p>\n","protected":false},"author":1,"featured_media":0,"parent":0,"menu_order":0,"comment_status":"closed","ping_status":"closed","template":"","meta":{"footnotes":""},"class_list":["post-41","page","type-page","status-publish","hentry"],"_links":{"self":[{"href":"http:\/\/eloisebrodeur.com\/fr\/wp-json\/wp\/v2\/pages\/41","targetHints":{"allow":["GET"]}}],"collection":[{"href":"http:\/\/eloisebrodeur.com\/fr\/wp-json\/wp\/v2\/pages"}],"about":[{"href":"http:\/\/eloisebrodeur.com\/fr\/wp-json\/wp\/v2\/types\/page"}],"author":[{"embeddable":true,"href":"http:\/\/eloisebrodeur.com\/fr\/wp-json\/wp\/v2\/users\/1"}],"replies":[{"embeddable":true,"href":"http:\/\/eloisebrodeur.com\/fr\/wp-json\/wp\/v2\/comments?post=41"}],"version-history":[{"count":15,"href":"http:\/\/eloisebrodeur.com\/fr\/wp-json\/wp\/v2\/pages\/41\/revisions"}],"predecessor-version":[{"id":1129,"href":"http:\/\/eloisebrodeur.com\/fr\/wp-json\/wp\/v2\/pages\/41\/revisions\/1129"}],"wp:attachment":[{"href":"http:\/\/eloisebrodeur.com\/fr\/wp-json\/wp\/v2\/media?parent=41"}],"curies":[{"name":"wp","href":"https:\/\/api.w.org\/{rel}","templated":true}]}}