{"id":926,"date":"2021-05-19T09:57:06","date_gmt":"2021-05-19T13:57:06","guid":{"rendered":"http:\/\/eloisebrodeur.com\/?page_id=926"},"modified":"2021-05-19T12:26:33","modified_gmt":"2021-05-19T16:26:33","slug":"chevaux","status":"publish","type":"page","link":"http:\/\/eloisebrodeur.com\/fr\/peintures\/chevaux\/","title":{"rendered":"Chevaux"},"content":{"rendered":"<div id=\"pl-926\"  class=\"panel-layout\" ><div id=\"pg-926-0\"  class=\"panel-grid panel-no-style\" ><div id=\"pgc-926-0-0\"  class=\"panel-grid-cell\" ><div id=\"panel-926-0-0-0\" class=\"so-panel widget widget_ttrust_portfolio create-portfolio panel-first-child panel-last-child\" data-index=\"0\" >\t\t\t\n\t\t\t\t<div class=\"projects rows-with-gutter col-5\">\n\t\t\t\t\n\t\t\t\t\t\t\t\t\t\t\t\t\t\n\t\t\t\t\n\t\t\t\t\t<div class=\"thumbs clearfix\">\n\t\t\t\t\t\t<div class=\"grid-sizer\"><\/div>\t\t\t\t\t\t\n\t\t\t\t\t\t\n\t\t\t\t\t<div class=\"project small 2020-fr chevaux peintures effect-1 \" id=\"project-1055\">\n\t\t\t\t\t\t<div class=\"inside\">\n\t\t\t\t\t\t\t\n\t\t\t\t\t\t\t<div class=\"details \" style=\"border-color: ;\">\n\t\t\t\t\t\t\t\t<div class=\"text\">\n\t\t\t\t\t\t\t\t\n\t\t\t\t\t\t\t\t<div class=\"title\" >\n\t\t\t\t\t\t\t\t\t<h3 class=\"entry-title\" style=\"color: !important;\">Bal\u0101ha<\/h3>\n\t\t\t\t\t\t\t\t<\/div>\n\t\t\t\t\t\t\t\t\n\t\t\t\t\t\t\t\t\t\t\t\t\t\t\t\t\n\t\t\t\t\t\t\t\t<\/div>\n\t\t\t\t\t\t\t<\/div>\n\n\t\t\t\t\t\t\t<div class=\"overlay\" style=\"background-color: ;\"><\/div>\n\t\t\t\t\t\t\t\n\t\t\t\t\t\t\t\t\t\t\t\t\t\t\t<a href=\"http:\/\/eloisebrodeur.com\/fr\/project\/balaha\/\" alt=\"Bal\u0101ha\"><\/a>\n\t\t\t\t\t\t\t\t\t\t\t\t\t<img loading=\"lazy\" decoding=\"async\" width=\"700\" height=\"700\" src=\"http:\/\/eloisebrodeur.com\/s7QBf5mp\/wp-content\/uploads\/2021\/05\/2020-balaha-700x700.jpg\" class=\" wp-post-image\" alt=\"Bal\u0101ha\" title=\"Bal\u0101ha\" srcset=\"http:\/\/eloisebrodeur.com\/s7QBf5mp\/wp-content\/uploads\/2021\/05\/2020-balaha-700x700.jpg 700w, http:\/\/eloisebrodeur.com\/s7QBf5mp\/wp-content\/uploads\/2021\/05\/2020-balaha-150x150.jpg 150w, http:\/\/eloisebrodeur.com\/s7QBf5mp\/wp-content\/uploads\/2021\/05\/2020-balaha-1000x1000.jpg 1000w\" sizes=\"auto, (max-width: 700px) 100vw, 700px\" \/>\n\t\t\t\t\t\t\n\n\t\t\t\t\t\t\n\t\t\t\t\t\t<\/div>\n\t\t\t\t\t<\/div><!-- #post->ID -->\n\t\t\t\t\t\t\n\t\t\t\t\t<div class=\"project small 2020-fr chevaux peintures effect-1 \" id=\"project-1052\">\n\t\t\t\t\t\t<div class=\"inside\">\n\t\t\t\t\t\t\t\n\t\t\t\t\t\t\t<div class=\"details \" style=\"border-color: ;\">\n\t\t\t\t\t\t\t\t<div class=\"text\">\n\t\t\t\t\t\t\t\t\n\t\t\t\t\t\t\t\t<div class=\"title\" >\n\t\t\t\t\t\t\t\t\t<h3 class=\"entry-title\" style=\"color: !important;\">Svadilfari<\/h3>\n\t\t\t\t\t\t\t\t<\/div>\n\t\t\t\t\t\t\t\t\n\t\t\t\t\t\t\t\t\t\t\t\t\t\t\t\t\n\t\t\t\t\t\t\t\t<\/div>\n\t\t\t\t\t\t\t<\/div>\n\n\t\t\t\t\t\t\t<div class=\"overlay\" style=\"background-color: ;\"><\/div>\n\t\t\t\t\t\t\t\n\t\t\t\t\t\t\t\t\t\t\t\t\t\t\t<a href=\"http:\/\/eloisebrodeur.com\/fr\/project\/svadilfari\/\" alt=\"Svadilfari\"><\/a>\n\t\t\t\t\t\t\t\t\t\t\t\t\t<img loading=\"lazy\" decoding=\"async\" width=\"700\" height=\"700\" src=\"http:\/\/eloisebrodeur.com\/s7QBf5mp\/wp-content\/uploads\/2021\/05\/2020-svadilfari-700x700.jpg\" class=\" wp-post-image\" alt=\"Svadilfari\" title=\"Svadilfari\" srcset=\"http:\/\/eloisebrodeur.com\/s7QBf5mp\/wp-content\/uploads\/2021\/05\/2020-svadilfari-700x700.jpg 700w, http:\/\/eloisebrodeur.com\/s7QBf5mp\/wp-content\/uploads\/2021\/05\/2020-svadilfari-150x150.jpg 150w\" sizes=\"auto, (max-width: 700px) 100vw, 700px\" \/>\n\t\t\t\t\t\t\n\n\t\t\t\t\t\t\n\t\t\t\t\t\t<\/div>\n\t\t\t\t\t<\/div><!-- #post->ID -->\n\t\t\t\t\t\t\n\t\t\t\t\t<div class=\"project small 2020-fr chevaux peintures effect-1 \" id=\"project-1049\">\n\t\t\t\t\t\t<div class=\"inside\">\n\t\t\t\t\t\t\t\n\t\t\t\t\t\t\t<div class=\"details \" style=\"border-color: ;\">\n\t\t\t\t\t\t\t\t<div class=\"text\">\n\t\t\t\t\t\t\t\t\n\t\t\t\t\t\t\t\t<div class=\"title\" >\n\t\t\t\t\t\t\t\t\t<h3 class=\"entry-title\" style=\"color: !important;\">\u0160em\u00edk<\/h3>\n\t\t\t\t\t\t\t\t<\/div>\n\t\t\t\t\t\t\t\t\n\t\t\t\t\t\t\t\t\t\t\t\t\t\t\t\t\n\t\t\t\t\t\t\t\t<\/div>\n\t\t\t\t\t\t\t<\/div>\n\n\t\t\t\t\t\t\t<div class=\"overlay\" style=\"background-color: ;\"><\/div>\n\t\t\t\t\t\t\t\n\t\t\t\t\t\t\t\t\t\t\t\t\t\t\t<a href=\"http:\/\/eloisebrodeur.com\/fr\/project\/semik\/\" alt=\"\u0160em\u00edk\"><\/a>\n\t\t\t\t\t\t\t\t\t\t\t\t\t<img loading=\"lazy\" decoding=\"async\" width=\"700\" height=\"700\" src=\"http:\/\/eloisebrodeur.com\/s7QBf5mp\/wp-content\/uploads\/2021\/05\/2020-semik-700x700.jpg\" class=\" wp-post-image\" alt=\"\u0160em\u00edk\" title=\"\u0160em\u00edk\" srcset=\"http:\/\/eloisebrodeur.com\/s7QBf5mp\/wp-content\/uploads\/2021\/05\/2020-semik-700x700.jpg 700w, http:\/\/eloisebrodeur.com\/s7QBf5mp\/wp-content\/uploads\/2021\/05\/2020-semik-150x150.jpg 150w, http:\/\/eloisebrodeur.com\/s7QBf5mp\/wp-content\/uploads\/2021\/05\/2020-semik-1000x1000.jpg 1000w\" sizes=\"auto, (max-width: 700px) 100vw, 700px\" \/>\n\t\t\t\t\t\t\n\n\t\t\t\t\t\t\n\t\t\t\t\t\t<\/div>\n\t\t\t\t\t<\/div><!-- #post->ID -->\n\t\t\t\t\t\t\n\t\t\t\t\t<div class=\"project small 2020-fr chevaux peintures effect-1 \" id=\"project-1046\">\n\t\t\t\t\t\t<div class=\"inside\">\n\t\t\t\t\t\t\t\n\t\t\t\t\t\t\t<div class=\"details \" style=\"border-color: ;\">\n\t\t\t\t\t\t\t\t<div class=\"text\">\n\t\t\t\t\t\t\t\t\n\t\t\t\t\t\t\t\t<div class=\"title\" >\n\t\t\t\t\t\t\t\t\t<h3 class=\"entry-title\" style=\"color: !important;\">Falke<\/h3>\n\t\t\t\t\t\t\t\t<\/div>\n\t\t\t\t\t\t\t\t\n\t\t\t\t\t\t\t\t\t\t\t\t\t\t\t\t\n\t\t\t\t\t\t\t\t<\/div>\n\t\t\t\t\t\t\t<\/div>\n\n\t\t\t\t\t\t\t<div class=\"overlay\" style=\"background-color: ;\"><\/div>\n\t\t\t\t\t\t\t\n\t\t\t\t\t\t\t\t\t\t\t\t\t\t\t<a href=\"http:\/\/eloisebrodeur.com\/fr\/project\/falke\/\" alt=\"Falke\"><\/a>\n\t\t\t\t\t\t\t\t\t\t\t\t\t<img loading=\"lazy\" decoding=\"async\" width=\"700\" height=\"700\" src=\"http:\/\/eloisebrodeur.com\/s7QBf5mp\/wp-content\/uploads\/2021\/05\/2020-falke-700x700.jpg\" class=\" wp-post-image\" alt=\"Falke\" title=\"Falke\" srcset=\"http:\/\/eloisebrodeur.com\/s7QBf5mp\/wp-content\/uploads\/2021\/05\/2020-falke-700x700.jpg 700w, http:\/\/eloisebrodeur.com\/s7QBf5mp\/wp-content\/uploads\/2021\/05\/2020-falke-150x150.jpg 150w\" sizes=\"auto, (max-width: 700px) 100vw, 700px\" \/>\n\t\t\t\t\t\t\n\n\t\t\t\t\t\t\n\t\t\t\t\t\t<\/div>\n\t\t\t\t\t<\/div><!-- #post->ID -->\n\t\t\t\t\t\t\n\t\t\t\t\t<div class=\"project small 2020-fr chevaux peintures effect-1 \" id=\"project-1043\">\n\t\t\t\t\t\t<div class=\"inside\">\n\t\t\t\t\t\t\t\n\t\t\t\t\t\t\t<div class=\"details \" style=\"border-color: ;\">\n\t\t\t\t\t\t\t\t<div class=\"text\">\n\t\t\t\t\t\t\t\t\n\t\t\t\t\t\t\t\t<div class=\"title\" >\n\t\t\t\t\t\t\t\t\t<h3 class=\"entry-title\" style=\"color: !important;\">Grani<\/h3>\n\t\t\t\t\t\t\t\t<\/div>\n\t\t\t\t\t\t\t\t\n\t\t\t\t\t\t\t\t\t\t\t\t\t\t\t\t\n\t\t\t\t\t\t\t\t<\/div>\n\t\t\t\t\t\t\t<\/div>\n\n\t\t\t\t\t\t\t<div class=\"overlay\" style=\"background-color: ;\"><\/div>\n\t\t\t\t\t\t\t\n\t\t\t\t\t\t\t\t\t\t\t\t\t\t\t<a href=\"http:\/\/eloisebrodeur.com\/fr\/project\/grani\/\" alt=\"Grani\"><\/a>\n\t\t\t\t\t\t\t\t\t\t\t\t\t<img loading=\"lazy\" decoding=\"async\" width=\"700\" height=\"596\" src=\"http:\/\/eloisebrodeur.com\/s7QBf5mp\/wp-content\/uploads\/2021\/05\/2020-grani-700x596.jpg\" class=\" wp-post-image\" alt=\"Grani\" title=\"Grani\" \/>\n\t\t\t\t\t\t\n\n\t\t\t\t\t\t\n\t\t\t\t\t\t<\/div>\n\t\t\t\t\t<\/div><!-- #post->ID -->\n\t\t\t\t\t\t\n\t\t\t\t\t<div class=\"project small 2020-fr chevaux peintures effect-1 \" id=\"project-1040\">\n\t\t\t\t\t\t<div class=\"inside\">\n\t\t\t\t\t\t\t\n\t\t\t\t\t\t\t<div class=\"details \" style=\"border-color: ;\">\n\t\t\t\t\t\t\t\t<div class=\"text\">\n\t\t\t\t\t\t\t\t\n\t\t\t\t\t\t\t\t<div class=\"title\" >\n\t\t\t\t\t\t\t\t\t<h3 class=\"entry-title\" style=\"color: !important;\">Helhest<\/h3>\n\t\t\t\t\t\t\t\t<\/div>\n\t\t\t\t\t\t\t\t\n\t\t\t\t\t\t\t\t\t\t\t\t\t\t\t\t\n\t\t\t\t\t\t\t\t<\/div>\n\t\t\t\t\t\t\t<\/div>\n\n\t\t\t\t\t\t\t<div class=\"overlay\" style=\"background-color: ;\"><\/div>\n\t\t\t\t\t\t\t\n\t\t\t\t\t\t\t\t\t\t\t\t\t\t\t<a href=\"http:\/\/eloisebrodeur.com\/fr\/project\/helhest\/\" alt=\"Helhest\"><\/a>\n\t\t\t\t\t\t\t\t\t\t\t\t\t<img loading=\"lazy\" decoding=\"async\" width=\"700\" height=\"700\" src=\"http:\/\/eloisebrodeur.com\/s7QBf5mp\/wp-content\/uploads\/2021\/05\/2020-helhest-700x700.jpg\" class=\" wp-post-image\" alt=\"Helhest\" title=\"Helhest\" srcset=\"http:\/\/eloisebrodeur.com\/s7QBf5mp\/wp-content\/uploads\/2021\/05\/2020-helhest-700x700.jpg 700w, http:\/\/eloisebrodeur.com\/s7QBf5mp\/wp-content\/uploads\/2021\/05\/2020-helhest-150x150.jpg 150w, http:\/\/eloisebrodeur.com\/s7QBf5mp\/wp-content\/uploads\/2021\/05\/2020-helhest-300x300.jpg 300w, http:\/\/eloisebrodeur.com\/s7QBf5mp\/wp-content\/uploads\/2021\/05\/2020-helhest-1000x1000.jpg 1000w\" sizes=\"auto, (max-width: 700px) 100vw, 700px\" \/>\n\t\t\t\t\t\t\n\n\t\t\t\t\t\t\n\t\t\t\t\t\t<\/div>\n\t\t\t\t\t<\/div><!-- #post->ID -->\n\t\t\t\t\t\t\n\t\t\t\t\t<div class=\"project small 2020-fr chevaux peintures effect-1 \" id=\"project-1037\">\n\t\t\t\t\t\t<div class=\"inside\">\n\t\t\t\t\t\t\t\n\t\t\t\t\t\t\t<div class=\"details \" style=\"border-color: ;\">\n\t\t\t\t\t\t\t\t<div class=\"text\">\n\t\t\t\t\t\t\t\t\n\t\t\t\t\t\t\t\t<div class=\"title\" >\n\t\t\t\t\t\t\t\t\t<h3 class=\"entry-title\" style=\"color: !important;\">B\u00e4ckah\u00e4st<\/h3>\n\t\t\t\t\t\t\t\t<\/div>\n\t\t\t\t\t\t\t\t\n\t\t\t\t\t\t\t\t\t\t\t\t\t\t\t\t\n\t\t\t\t\t\t\t\t<\/div>\n\t\t\t\t\t\t\t<\/div>\n\n\t\t\t\t\t\t\t<div class=\"overlay\" style=\"background-color: ;\"><\/div>\n\t\t\t\t\t\t\t\n\t\t\t\t\t\t\t\t\t\t\t\t\t\t\t<a href=\"http:\/\/eloisebrodeur.com\/fr\/project\/backahast\/\" alt=\"B\u00e4ckah\u00e4st\"><\/a>\n\t\t\t\t\t\t\t\t\t\t\t\t\t<img loading=\"lazy\" decoding=\"async\" width=\"700\" height=\"600\" src=\"http:\/\/eloisebrodeur.com\/s7QBf5mp\/wp-content\/uploads\/2021\/05\/2020-backahast-700x600.jpg\" class=\" wp-post-image\" alt=\"B\u00e4ckah\u00e4st\" title=\"B\u00e4ckah\u00e4st\" \/>\n\t\t\t\t\t\t\n\n\t\t\t\t\t\t\n\t\t\t\t\t\t<\/div>\n\t\t\t\t\t<\/div><!-- #post->ID -->\n\t\t\t\t\t\t\n\t\t\t\t\t<div class=\"project small 2020-fr chevaux peintures effect-1 \" id=\"project-1034\">\n\t\t\t\t\t\t<div class=\"inside\">\n\t\t\t\t\t\t\t\n\t\t\t\t\t\t\t<div class=\"details \" style=\"border-color: ;\">\n\t\t\t\t\t\t\t\t<div class=\"text\">\n\t\t\t\t\t\t\t\t\n\t\t\t\t\t\t\t\t<div class=\"title\" >\n\t\t\t\t\t\t\t\t\t<h3 class=\"entry-title\" style=\"color: !important;\">Bayard<\/h3>\n\t\t\t\t\t\t\t\t<\/div>\n\t\t\t\t\t\t\t\t\n\t\t\t\t\t\t\t\t\t\t\t\t\t\t\t\t\n\t\t\t\t\t\t\t\t<\/div>\n\t\t\t\t\t\t\t<\/div>\n\n\t\t\t\t\t\t\t<div class=\"overlay\" style=\"background-color: ;\"><\/div>\n\t\t\t\t\t\t\t\n\t\t\t\t\t\t\t\t\t\t\t\t\t\t\t<a href=\"http:\/\/eloisebrodeur.com\/fr\/project\/bayard\/\" alt=\"Bayard\"><\/a>\n\t\t\t\t\t\t\t\t\t\t\t\t\t<img loading=\"lazy\" decoding=\"async\" width=\"700\" height=\"700\" src=\"http:\/\/eloisebrodeur.com\/s7QBf5mp\/wp-content\/uploads\/2021\/05\/2020-bayard-700x700.jpg\" class=\" wp-post-image\" alt=\"Bayard\" title=\"Bayard\" srcset=\"http:\/\/eloisebrodeur.com\/s7QBf5mp\/wp-content\/uploads\/2021\/05\/2020-bayard-700x700.jpg 700w, http:\/\/eloisebrodeur.com\/s7QBf5mp\/wp-content\/uploads\/2021\/05\/2020-bayard-150x150.jpg 150w, http:\/\/eloisebrodeur.com\/s7QBf5mp\/wp-content\/uploads\/2021\/05\/2020-bayard-1000x1000.jpg 1000w\" sizes=\"auto, (max-width: 700px) 100vw, 700px\" \/>\n\t\t\t\t\t\t\n\n\t\t\t\t\t\t\n\t\t\t\t\t\t<\/div>\n\t\t\t\t\t<\/div><!-- #post->ID -->\n\t\t\t\t\t\t\n\t\t\t\t\t<div class=\"project small 2020-fr chevaux peintures effect-1 \" id=\"project-1031\">\n\t\t\t\t\t\t<div class=\"inside\">\n\t\t\t\t\t\t\t\n\t\t\t\t\t\t\t<div class=\"details \" style=\"border-color: ;\">\n\t\t\t\t\t\t\t\t<div class=\"text\">\n\t\t\t\t\t\t\t\t\n\t\t\t\t\t\t\t\t<div class=\"title\" >\n\t\t\t\t\t\t\t\t\t<h3 class=\"entry-title\" style=\"color: !important;\">Ocyrho\u00e9<\/h3>\n\t\t\t\t\t\t\t\t<\/div>\n\t\t\t\t\t\t\t\t\n\t\t\t\t\t\t\t\t\t\t\t\t\t\t\t\t\n\t\t\t\t\t\t\t\t<\/div>\n\t\t\t\t\t\t\t<\/div>\n\n\t\t\t\t\t\t\t<div class=\"overlay\" style=\"background-color: ;\"><\/div>\n\t\t\t\t\t\t\t\n\t\t\t\t\t\t\t\t\t\t\t\t\t\t\t<a href=\"http:\/\/eloisebrodeur.com\/fr\/project\/ocyrhoe\/\" alt=\"Ocyrho\u00e9\"><\/a>\n\t\t\t\t\t\t\t\t\t\t\t\t\t<img loading=\"lazy\" decoding=\"async\" width=\"700\" height=\"700\" src=\"http:\/\/eloisebrodeur.com\/s7QBf5mp\/wp-content\/uploads\/2021\/05\/2020-ocyrhoe-700x700.jpg\" class=\" wp-post-image\" alt=\"Ocyrho\u00e9\" title=\"Ocyrho\u00e9\" srcset=\"http:\/\/eloisebrodeur.com\/s7QBf5mp\/wp-content\/uploads\/2021\/05\/2020-ocyrhoe-700x700.jpg 700w, http:\/\/eloisebrodeur.com\/s7QBf5mp\/wp-content\/uploads\/2021\/05\/2020-ocyrhoe-150x150.jpg 150w\" sizes=\"auto, (max-width: 700px) 100vw, 700px\" \/>\n\t\t\t\t\t\t\n\n\t\t\t\t\t\t\n\t\t\t\t\t\t<\/div>\n\t\t\t\t\t<\/div><!-- #post->ID -->\n\t\t\t\t\t\t\n\t\t\t\t\t<div class=\"project small 2020-fr chevaux peintures effect-1 \" id=\"project-1028\">\n\t\t\t\t\t\t<div class=\"inside\">\n\t\t\t\t\t\t\t\n\t\t\t\t\t\t\t<div class=\"details \" style=\"border-color: ;\">\n\t\t\t\t\t\t\t\t<div class=\"text\">\n\t\t\t\t\t\t\t\t\n\t\t\t\t\t\t\t\t<div class=\"title\" >\n\t\t\t\t\t\t\t\t\t<h3 class=\"entry-title\" style=\"color: !important;\">Pooka<\/h3>\n\t\t\t\t\t\t\t\t<\/div>\n\t\t\t\t\t\t\t\t\n\t\t\t\t\t\t\t\t\t\t\t\t\t\t\t\t\n\t\t\t\t\t\t\t\t<\/div>\n\t\t\t\t\t\t\t<\/div>\n\n\t\t\t\t\t\t\t<div class=\"overlay\" style=\"background-color: ;\"><\/div>\n\t\t\t\t\t\t\t\n\t\t\t\t\t\t\t\t\t\t\t\t\t\t\t<a href=\"http:\/\/eloisebrodeur.com\/fr\/project\/pooka\/\" alt=\"Pooka\"><\/a>\n\t\t\t\t\t\t\t\t\t\t\t\t\t<img loading=\"lazy\" decoding=\"async\" width=\"700\" height=\"698\" src=\"http:\/\/eloisebrodeur.com\/s7QBf5mp\/wp-content\/uploads\/2021\/05\/2020-pooka-1-700x698.jpg\" class=\" wp-post-image\" alt=\"Pooka\" title=\"Pooka\" srcset=\"http:\/\/eloisebrodeur.com\/s7QBf5mp\/wp-content\/uploads\/2021\/05\/2020-pooka-1-700x698.jpg 700w, http:\/\/eloisebrodeur.com\/s7QBf5mp\/wp-content\/uploads\/2021\/05\/2020-pooka-1-150x150.jpg 150w\" sizes=\"auto, (max-width: 700px) 100vw, 700px\" \/>\n\t\t\t\t\t\t\n\n\t\t\t\t\t\t\n\t\t\t\t\t\t<\/div>\n\t\t\t\t\t<\/div><!-- #post->ID -->\n\t\t\t\t\t\t\n\t\t\t\t\t<div class=\"project small 2020-fr chevaux peintures effect-1 \" id=\"project-1025\">\n\t\t\t\t\t\t<div class=\"inside\">\n\t\t\t\t\t\t\t\n\t\t\t\t\t\t\t<div class=\"details \" style=\"border-color: ;\">\n\t\t\t\t\t\t\t\t<div class=\"text\">\n\t\t\t\t\t\t\t\t\n\t\t\t\t\t\t\t\t<div class=\"title\" >\n\t\t\t\t\t\t\t\t\t<h3 class=\"entry-title\" style=\"color: !important;\">Morvarc\u2019h<\/h3>\n\t\t\t\t\t\t\t\t<\/div>\n\t\t\t\t\t\t\t\t\n\t\t\t\t\t\t\t\t\t\t\t\t\t\t\t\t\n\t\t\t\t\t\t\t\t<\/div>\n\t\t\t\t\t\t\t<\/div>\n\n\t\t\t\t\t\t\t<div class=\"overlay\" style=\"background-color: ;\"><\/div>\n\t\t\t\t\t\t\t\n\t\t\t\t\t\t\t\t\t\t\t\t\t\t\t<a href=\"http:\/\/eloisebrodeur.com\/fr\/project\/morvarch\/\" alt=\"Morvarc\u2019h\"><\/a>\n\t\t\t\t\t\t\t\t\t\t\t\t\t<img loading=\"lazy\" decoding=\"async\" width=\"700\" height=\"700\" src=\"http:\/\/eloisebrodeur.com\/s7QBf5mp\/wp-content\/uploads\/2021\/05\/2020-morvarch-1-700x700.jpg\" class=\" wp-post-image\" alt=\"Morvarc\u2019h\" title=\"Morvarc\u2019h\" srcset=\"http:\/\/eloisebrodeur.com\/s7QBf5mp\/wp-content\/uploads\/2021\/05\/2020-morvarch-1-700x700.jpg 700w, http:\/\/eloisebrodeur.com\/s7QBf5mp\/wp-content\/uploads\/2021\/05\/2020-morvarch-1-150x150.jpg 150w\" sizes=\"auto, (max-width: 700px) 100vw, 700px\" \/>\n\t\t\t\t\t\t\n\n\t\t\t\t\t\t\n\t\t\t\t\t\t<\/div>\n\t\t\t\t\t<\/div><!-- #post->ID -->\n\t\t\t\t\t\t\n\t\t\t\t\t<div class=\"project small 2020-fr chevaux peintures effect-1 \" id=\"project-1022\">\n\t\t\t\t\t\t<div class=\"inside\">\n\t\t\t\t\t\t\t\n\t\t\t\t\t\t\t<div class=\"details \" style=\"border-color: ;\">\n\t\t\t\t\t\t\t\t<div class=\"text\">\n\t\t\t\t\t\t\t\t\n\t\t\t\t\t\t\t\t<div class=\"title\" >\n\t\t\t\t\t\t\t\t\t<h3 class=\"entry-title\" style=\"color: !important;\">Arion<\/h3>\n\t\t\t\t\t\t\t\t<\/div>\n\t\t\t\t\t\t\t\t\n\t\t\t\t\t\t\t\t\t\t\t\t\t\t\t\t\n\t\t\t\t\t\t\t\t<\/div>\n\t\t\t\t\t\t\t<\/div>\n\n\t\t\t\t\t\t\t<div class=\"overlay\" style=\"background-color: ;\"><\/div>\n\t\t\t\t\t\t\t\n\t\t\t\t\t\t\t\t\t\t\t\t\t\t\t<a href=\"http:\/\/eloisebrodeur.com\/fr\/project\/arion\/\" alt=\"Arion\"><\/a>\n\t\t\t\t\t\t\t\t\t\t\t\t\t<img loading=\"lazy\" decoding=\"async\" width=\"700\" height=\"700\" src=\"http:\/\/eloisebrodeur.com\/s7QBf5mp\/wp-content\/uploads\/2021\/05\/2020-arion-700x700.jpg\" class=\" wp-post-image\" alt=\"Arion\" title=\"Arion\" srcset=\"http:\/\/eloisebrodeur.com\/s7QBf5mp\/wp-content\/uploads\/2021\/05\/2020-arion-700x700.jpg 700w, http:\/\/eloisebrodeur.com\/s7QBf5mp\/wp-content\/uploads\/2021\/05\/2020-arion-150x150.jpg 150w, http:\/\/eloisebrodeur.com\/s7QBf5mp\/wp-content\/uploads\/2021\/05\/2020-arion-1000x1000.jpg 1000w\" sizes=\"auto, (max-width: 700px) 100vw, 700px\" \/>\n\t\t\t\t\t\t\n\n\t\t\t\t\t\t\n\t\t\t\t\t\t<\/div>\n\t\t\t\t\t<\/div><!-- #post->ID -->\n\t\t\t\t\t\t\n\t\t\t\t\t<div class=\"project small 2017-fr chevaux peintures effect-1 \" id=\"project-1019\">\n\t\t\t\t\t\t<div class=\"inside\">\n\t\t\t\t\t\t\t\n\t\t\t\t\t\t\t<div class=\"details \" style=\"border-color: ;\">\n\t\t\t\t\t\t\t\t<div class=\"text\">\n\t\t\t\t\t\t\t\t\n\t\t\t\t\t\t\t\t<div class=\"title\" >\n\t\t\t\t\t\t\t\t\t<h3 class=\"entry-title\" style=\"color: !important;\">Cheval qui roule II<\/h3>\n\t\t\t\t\t\t\t\t<\/div>\n\t\t\t\t\t\t\t\t\n\t\t\t\t\t\t\t\t\t\t\t\t\t\t\t\t\n\t\t\t\t\t\t\t\t<\/div>\n\t\t\t\t\t\t\t<\/div>\n\n\t\t\t\t\t\t\t<div class=\"overlay\" style=\"background-color: ;\"><\/div>\n\t\t\t\t\t\t\t\n\t\t\t\t\t\t\t\t\t\t\t\t\t\t\t<a href=\"http:\/\/eloisebrodeur.com\/fr\/project\/cheval-qui-roule-ii\/\" alt=\"Cheval qui roule II\"><\/a>\n\t\t\t\t\t\t\t\t\t\t\t\t\t<img loading=\"lazy\" decoding=\"async\" width=\"700\" height=\"549\" src=\"http:\/\/eloisebrodeur.com\/s7QBf5mp\/wp-content\/uploads\/2021\/05\/2017-cheval-qui-roule-ii-700x549.jpg\" class=\" wp-post-image\" alt=\"Cheval qui roule II\" title=\"Cheval qui roule II\" \/>\n\t\t\t\t\t\t\n\n\t\t\t\t\t\t\n\t\t\t\t\t\t<\/div>\n\t\t\t\t\t<\/div><!-- #post->ID -->\n\t\t\t\t\t\t\n\t\t\t\t\t<div class=\"project small 2017-fr chevaux peintures effect-1 \" id=\"project-1014\">\n\t\t\t\t\t\t<div class=\"inside\">\n\t\t\t\t\t\t\t\n\t\t\t\t\t\t\t<div class=\"details \" style=\"border-color: ;\">\n\t\t\t\t\t\t\t\t<div class=\"text\">\n\t\t\t\t\t\t\t\t\n\t\t\t\t\t\t\t\t<div class=\"title\" >\n\t\t\t\t\t\t\t\t\t<h3 class=\"entry-title\" style=\"color: !important;\">Cheval qui roule I<\/h3>\n\t\t\t\t\t\t\t\t<\/div>\n\t\t\t\t\t\t\t\t\n\t\t\t\t\t\t\t\t\t\t\t\t\t\t\t\t\n\t\t\t\t\t\t\t\t<\/div>\n\t\t\t\t\t\t\t<\/div>\n\n\t\t\t\t\t\t\t<div class=\"overlay\" style=\"background-color: ;\"><\/div>\n\t\t\t\t\t\t\t\n\t\t\t\t\t\t\t\t\t\t\t\t\t\t\t<a href=\"http:\/\/eloisebrodeur.com\/fr\/project\/cheval-qui-roule-i\/\" alt=\"Cheval qui roule I\"><\/a>\n\t\t\t\t\t\t\t\t\t\t\t\t\t<img loading=\"lazy\" decoding=\"async\" width=\"700\" height=\"540\" src=\"http:\/\/eloisebrodeur.com\/s7QBf5mp\/wp-content\/uploads\/2021\/05\/2017-cheval-qui-roule-i-700x540.jpg\" class=\" wp-post-image\" alt=\"Cheval qui roule I\" title=\"Cheval qui roule I\" \/>\n\t\t\t\t\t\t\n\n\t\t\t\t\t\t\n\t\t\t\t\t\t<\/div>\n\t\t\t\t\t<\/div><!-- #post->ID -->\n\t\t\t\t\t\t\t\t\t\t\t<\/div><!-- .thumbs -->\n\t\t\t\t\t\t\t\t\t<\/div><!-- .projects -->\n\t\t\t\t<\/div><\/div><\/div><\/div>","protected":false},"excerpt":{"rendered":"<p>Bal\u0101ha Svadilfari \u0160em\u00edk Falke Grani Helhest B\u00e4ckah\u00e4st Bayard Ocyrho\u00e9 Pooka Morvarc\u2019h Arion Cheval qui roule II Cheval qui roule I<\/p>\n","protected":false},"author":1,"featured_media":0,"parent":361,"menu_order":14,"comment_status":"closed","ping_status":"closed","template":"page.php","meta":{"footnotes":""},"class_list":["post-926","page","type-page","status-publish","hentry"],"_links":{"self":[{"href":"http:\/\/eloisebrodeur.com\/fr\/wp-json\/wp\/v2\/pages\/926","targetHints":{"allow":["GET"]}}],"collection":[{"href":"http:\/\/eloisebrodeur.com\/fr\/wp-json\/wp\/v2\/pages"}],"about":[{"href":"http:\/\/eloisebrodeur.com\/fr\/wp-json\/wp\/v2\/types\/page"}],"author":[{"embeddable":true,"href":"http:\/\/eloisebrodeur.com\/fr\/wp-json\/wp\/v2\/users\/1"}],"replies":[{"embeddable":true,"href":"http:\/\/eloisebrodeur.com\/fr\/wp-json\/wp\/v2\/comments?post=926"}],"version-history":[{"count":6,"href":"http:\/\/eloisebrodeur.com\/fr\/wp-json\/wp\/v2\/pages\/926\/revisions"}],"predecessor-version":[{"id":1062,"href":"http:\/\/eloisebrodeur.com\/fr\/wp-json\/wp\/v2\/pages\/926\/revisions\/1062"}],"up":[{"embeddable":true,"href":"http:\/\/eloisebrodeur.com\/fr\/wp-json\/wp\/v2\/pages\/361"}],"wp:attachment":[{"href":"http:\/\/eloisebrodeur.com\/fr\/wp-json\/wp\/v2\/media?parent=926"}],"curies":[{"name":"wp","href":"https:\/\/api.w.org\/{rel}","templated":true}]}}